{"id":431,"date":"2023-09-29T16:39:25","date_gmt":"2023-09-29T16:39:25","guid":{"rendered":"https:\/\/zblleida.com\/web\/?page_id=431"},"modified":"2024-03-15T12:02:02","modified_gmt":"2024-03-15T12:02:02","slug":"reparacio-ordinadors-lleida","status":"publish","type":"page","link":"https:\/\/zblleida.com\/web\/reparacio-ordinadors-lleida\/","title":{"rendered":"Reparaci\u00f3 d&#8217;ordinadors"},"content":{"rendered":"\t\t<div data-elementor-type=\"wp-page\" data-elementor-id=\"431\" class=\"elementor elementor-431\" data-elementor-post-type=\"page\">\n\t\t\t\t<div class=\"elementor-element elementor-element-14f8d4b9 e-flex e-con-boxed e-con e-parent\" data-id=\"14f8d4b9\" data-element_type=\"container\" data-e-type=\"container\">\n\t\t\t\t\t<div class=\"e-con-inner\">\n\t\t\t\t<div class=\"elementor-element elementor-element-4955accb elementor-widget elementor-widget-heading\" data-id=\"4955accb\" data-element_type=\"widget\" data-e-type=\"widget\" data-widget_type=\"heading.default\">\n\t\t\t\t<div class=\"elementor-widget-container\">\n\t\t\t\t\t<h2 class=\"elementor-heading-title elementor-size-default\">Reparaci\u00f3 d'ordinadors<\/h2>\t\t\t\t<\/div>\n\t\t\t\t<\/div>\n\t\t\t\t\t<\/div>\n\t\t\t\t<\/div>\n\t\t<div class=\"elementor-element elementor-element-2fb643e3 e-flex e-con-boxed e-con e-parent\" data-id=\"2fb643e3\" data-element_type=\"container\" data-e-type=\"container\">\n\t\t\t\t\t<div class=\"e-con-inner\">\n\t\t\t\t<div class=\"elementor-element elementor-element-706859af elementor-widget elementor-widget-spacer\" data-id=\"706859af\" data-element_type=\"widget\" data-e-type=\"widget\" data-widget_type=\"spacer.default\">\n\t\t\t\t<div class=\"elementor-widget-container\">\n\t\t\t\t\t\t\t<div class=\"elementor-spacer\">\n\t\t\t<div class=\"elementor-spacer-inner\"><\/div>\n\t\t<\/div>\n\t\t\t\t\t\t<\/div>\n\t\t\t\t<\/div>\n\t\t\t\t\t<\/div>\n\t\t\t\t<\/div>\n\t\t<div class=\"elementor-element elementor-element-cfedc0b e-flex e-con-boxed e-con e-parent\" data-id=\"cfedc0b\" data-element_type=\"container\" data-e-type=\"container\">\n\t\t\t\t\t<div class=\"e-con-inner\">\n\t\t\t\t<div class=\"elementor-element elementor-element-3cd9a799 elementor-widget elementor-widget-image\" data-id=\"3cd9a799\" data-element_type=\"widget\" data-e-type=\"widget\" data-widget_type=\"image.default\">\n\t\t\t\t<div class=\"elementor-widget-container\">\n\t\t\t\t\t\t\t\t\t\t\t\t\t\t\t<img fetchpriority=\"high\" decoding=\"async\" width=\"1920\" height=\"1440\" src=\"https:\/\/zblleida.com\/web\/wp-content\/uploads\/2024\/02\/IMG_20231004_120512-scaled.webp\" class=\"attachment-full size-full wp-image-481\" alt=\"\" srcset=\"https:\/\/zblleida.com\/web\/wp-content\/uploads\/2024\/02\/IMG_20231004_120512-scaled.webp 1920w, https:\/\/zblleida.com\/web\/wp-content\/uploads\/2024\/02\/IMG_20231004_120512-300x225.webp 300w, https:\/\/zblleida.com\/web\/wp-content\/uploads\/2024\/02\/IMG_20231004_120512-1024x768.webp 1024w, https:\/\/zblleida.com\/web\/wp-content\/uploads\/2024\/02\/IMG_20231004_120512-768x576.webp 768w, https:\/\/zblleida.com\/web\/wp-content\/uploads\/2024\/02\/IMG_20231004_120512-1536x1152.jpg 1536w, https:\/\/zblleida.com\/web\/wp-content\/uploads\/2024\/02\/IMG_20231004_120512-2048x1536.jpg 2048w\" sizes=\"(max-width: 1920px) 100vw, 1920px\" \/>\t\t\t\t\t\t\t\t\t\t\t\t\t\t\t<\/div>\n\t\t\t\t<\/div>\n\t\t<div class=\"elementor-element elementor-element-1ffc2b8 e-con-full e-flex e-con e-child\" data-id=\"1ffc2b8\" data-element_type=\"container\" data-e-type=\"container\">\n\t\t\t\t<div class=\"elementor-element elementor-element-51e371cd elementor-widget elementor-widget-text-editor\" data-id=\"51e371cd\" data-element_type=\"widget\" data-e-type=\"widget\" data-widget_type=\"text-editor.default\">\n\t\t\t\t<div class=\"elementor-widget-container\">\n\t\t\t\t\t\t\t\t\t<p>Realitzem Diagn\u00f2stic i Reparaci\u00f3 de qualsevol Equip Inform\u00e0tic fixe o port\u00e0til, de Programari i Maquinari.<br \/>\u00a0<br \/>Som especialistes en l&#8217;eliminaci\u00f3 de virus i malware utilitzant les eines m\u00e9s fiables i efectives.<br \/>\u00a0<br \/>A m\u00e9s de solucionar els problemes m\u00e9s comuns dels port\u00e0tils com ara canvi de Pantalla, Frontisses, Connector de C\u00e0rrega&#8230; Disposem d\u00b4un ampli Cat\u00e0leg de Recanvis i treballem amb les m\u00e0ximes Garanties. <br \/><br \/><\/p>\t\t\t\t\t\t\t\t<\/div>\n\t\t\t\t<\/div>\n\t\t\t\t<\/div>\n\t\t\t\t\t<\/div>\n\t\t\t\t<\/div>\n\t\t<div class=\"elementor-element elementor-element-341975b e-flex e-con-boxed e-con e-parent\" data-id=\"341975b\" data-element_type=\"container\" data-e-type=\"container\">\n\t\t\t\t\t<div class=\"e-con-inner\">\n\t\t\t\t<div class=\"elementor-element elementor-element-bfd84bf elementor-widget elementor-widget-spacer\" data-id=\"bfd84bf\" data-element_type=\"widget\" data-e-type=\"widget\" data-widget_type=\"spacer.default\">\n\t\t\t\t<div class=\"elementor-widget-container\">\n\t\t\t\t\t\t\t<div class=\"elementor-spacer\">\n\t\t\t<div class=\"elementor-spacer-inner\"><\/div>\n\t\t<\/div>\n\t\t\t\t\t\t<\/div>\n\t\t\t\t<\/div>\n\t\t\t\t\t<\/div>\n\t\t\t\t<\/div>\n\t\t<div class=\"elementor-element elementor-element-19bcc5a e-flex e-con-boxed e-con e-parent\" data-id=\"19bcc5a\" data-element_type=\"container\" data-e-type=\"container\">\n\t\t\t\t\t<div class=\"e-con-inner\">\n\t\t<div class=\"elementor-element elementor-element-443a6ed6 e-con-full e-flex e-con e-child\" data-id=\"443a6ed6\" data-element_type=\"container\" data-e-type=\"container\">\n\t\t\t\t<div class=\"elementor-element elementor-element-7f1561b3 elementor-widget elementor-widget-text-editor\" data-id=\"7f1561b3\" data-element_type=\"widget\" data-e-type=\"widget\" data-widget_type=\"text-editor.default\">\n\t\t\t\t<div class=\"elementor-widget-container\">\n\t\t\t\t\t\t\t\t\t<p>A difer\u00e8ncia de les Online proporcionem un tracte Proper i Personal fent un seguiment al Client per aix\u00f2 donem la m\u00e0xima Confian\u00e7a. <br \/>Per a Nosaltres el primer \u00e9s el Client per aquest motiu realitzem un Diagn\u00f2stic i Assessorament Gratu\u00eft de les reparacions i Equips.<\/p>\t\t\t\t\t\t\t\t<\/div>\n\t\t\t\t<\/div>\n\t\t\t\t<\/div>\n\t\t\t\t<div class=\"elementor-element elementor-element-668ef6f elementor-widget elementor-widget-image\" data-id=\"668ef6f\" data-element_type=\"widget\" data-e-type=\"widget\" data-widget_type=\"image.default\">\n\t\t\t\t<div class=\"elementor-widget-container\">\n\t\t\t\t\t\t\t\t\t\t\t\t\t\t\t<img decoding=\"async\" width=\"1000\" height=\"650\" src=\"https:\/\/zblleida.com\/web\/wp-content\/uploads\/2024\/02\/pcs.jpg\" class=\"attachment-full size-full wp-image-482\" alt=\"\" srcset=\"https:\/\/zblleida.com\/web\/wp-content\/uploads\/2024\/02\/pcs.jpg 1000w, https:\/\/zblleida.com\/web\/wp-content\/uploads\/2024\/02\/pcs-300x195.jpg 300w, https:\/\/zblleida.com\/web\/wp-content\/uploads\/2024\/02\/pcs-768x499.jpg 768w\" sizes=\"(max-width: 1000px) 100vw, 1000px\" \/>\t\t\t\t\t\t\t\t\t\t\t\t\t\t\t<\/div>\n\t\t\t\t<\/div>\n\t\t\t\t\t<\/div>\n\t\t\t\t<\/div>\n\t\t<div class=\"elementor-element elementor-element-14df38d4 e-flex e-con-boxed e-con e-parent\" data-id=\"14df38d4\" data-element_type=\"container\" data-e-type=\"container\" data-settings=\"{&quot;background_background&quot;:&quot;classic&quot;}\">\n\t\t\t\t\t<div class=\"e-con-inner\">\n\t\t\t\t<div class=\"elementor-element elementor-element-3ba4d65c elementor-view-stacked elementor-shape-square elementor-widget__width-initial elementor-position-block-start elementor-mobile-position-block-start elementor-widget elementor-widget-icon-box\" data-id=\"3ba4d65c\" data-element_type=\"widget\" data-e-type=\"widget\" data-widget_type=\"icon-box.default\">\n\t\t\t\t<div class=\"elementor-widget-container\">\n\t\t\t\t\t\t\t<div class=\"elementor-icon-box-wrapper\">\n\n\t\t\t\t\t\t<div class=\"elementor-icon-box-icon\">\n\t\t\t\t<span  class=\"elementor-icon elementor-animation-shrink\">\n\t\t\t\t<i aria-hidden=\"true\" class=\"fas fa-desktop\"><\/i>\t\t\t\t<\/span>\n\t\t\t<\/div>\n\t\t\t\n\t\t\t\t\t\t<div class=\"elementor-icon-box-content\">\n\n\t\t\t\t\t\t\t\t\t<h4 class=\"elementor-icon-box-title\">\n\t\t\t\t\t\t<span  >\n\t\t\t\t\t\t\tProblema a l\u2019iniciar\t\t\t\t\t\t<\/span>\n\t\t\t\t\t<\/h4>\n\t\t\t\t\n\t\t\t\t\t\t\t\t\t<p class=\"elementor-icon-box-description\">\n\t\t\t\t\t\tSolucionem qualsevol problema d\u2019inici del sistema operatiu de la millor manera possible. Disposem de les millors eines per solucionar els problemes d\u2019inici del sistema. Ja sigui per una actualitzaci\u00f3, un mal apagat o un component danyat, us proporcionem la reparaci\u00f3 sense perdre la informaci\u00f3 de l'equip. \t\t\t\t\t<\/p>\n\t\t\t\t\n\t\t\t<\/div>\n\t\t\t\n\t\t<\/div>\n\t\t\t\t\t\t<\/div>\n\t\t\t\t<\/div>\n\t\t\t\t<div class=\"elementor-element elementor-element-64daa55e elementor-view-stacked elementor-shape-square elementor-widget__width-initial elementor-position-block-start elementor-mobile-position-block-start elementor-widget elementor-widget-icon-box\" data-id=\"64daa55e\" data-element_type=\"widget\" data-e-type=\"widget\" data-widget_type=\"icon-box.default\">\n\t\t\t\t<div class=\"elementor-widget-container\">\n\t\t\t\t\t\t\t<div class=\"elementor-icon-box-wrapper\">\n\n\t\t\t\t\t\t<div class=\"elementor-icon-box-icon\">\n\t\t\t\t<span  class=\"elementor-icon elementor-animation-shrink\">\n\t\t\t\t<i aria-hidden=\"true\" class=\"fas fa-shield-virus\"><\/i>\t\t\t\t<\/span>\n\t\t\t<\/div>\n\t\t\t\n\t\t\t\t\t\t<div class=\"elementor-icon-box-content\">\n\n\t\t\t\t\t\t\t\t\t<h4 class=\"elementor-icon-box-title\">\n\t\t\t\t\t\t<span  >\n\t\t\t\t\t\t\tMalware i Publicitat \t\t\t\t\t\t<\/span>\n\t\t\t\t\t<\/h4>\n\t\t\t\t\n\t\t\t\t\t\t\t\t\t<p class=\"elementor-icon-box-description\">\n\t\t\t\t\t\tSi veus que el teu Equip funciona amb lentitud, apareixen finestres de Publicitat sense el teu perm\u00eds o el teu navegador a canviat de p\u00e0gina d'inici i es bloqueja, \u00e9s possible que tinguis algun tipus de malware o virus a l'Equip. \nEl nostre Servei T\u00e8cnic \u00e9s expert en aquest tipus de Reparacions resolent tots aquests problemes, netegem qualsevol resta d'infecci\u00f3 tornant a proporcionar al teu equip un funcionament correcte i segur. A mes, som distribu\u00efdors oficials de Panda software, i tenim els millors preus en llicencies antivirus.\n\t\t\t\t\t<\/p>\n\t\t\t\t\n\t\t\t<\/div>\n\t\t\t\n\t\t<\/div>\n\t\t\t\t\t\t<\/div>\n\t\t\t\t<\/div>\n\t\t\t\t<div class=\"elementor-element elementor-element-7a1d0caa elementor-view-stacked elementor-shape-square elementor-widget__width-initial elementor-position-block-start elementor-mobile-position-block-start elementor-widget elementor-widget-icon-box\" data-id=\"7a1d0caa\" data-element_type=\"widget\" data-e-type=\"widget\" data-widget_type=\"icon-box.default\">\n\t\t\t\t<div class=\"elementor-widget-container\">\n\t\t\t\t\t\t\t<div class=\"elementor-icon-box-wrapper\">\n\n\t\t\t\t\t\t<div class=\"elementor-icon-box-icon\">\n\t\t\t\t<span  class=\"elementor-icon elementor-animation-shrink\">\n\t\t\t\t<i aria-hidden=\"true\" class=\"fab fa-windows\"><\/i>\t\t\t\t<\/span>\n\t\t\t<\/div>\n\t\t\t\n\t\t\t\t\t\t<div class=\"elementor-icon-box-content\">\n\n\t\t\t\t\t\t\t\t\t<h4 class=\"elementor-icon-box-title\">\n\t\t\t\t\t\t<span  >\n\t\t\t\t\t\t\tReinstal\u00b7laci\u00f3 del Sistema \t\t\t\t\t\t<\/span>\n\t\t\t\t\t<\/h4>\n\t\t\t\t\n\t\t\t\t\t\t\t\t\t<p class=\"elementor-icon-box-description\">\n\t\t\t\t\t\tA vegades la millor soluci\u00f3 \u00e9s reinstal\u00b7lar el sistema operatiu i comen\u00e7ar de zero. Realitzem una instal\u00b7laci\u00f3 neta amb els programes basics que pots necessitar en el teu dia a dia, amb tots els controladors, i amb totes les actualitzacions del Sistema. Provem minuciosament l'Equip per al seu funcionament correcte. \t\t\t\t\t<\/p>\n\t\t\t\t\n\t\t\t<\/div>\n\t\t\t\n\t\t<\/div>\n\t\t\t\t\t\t<\/div>\n\t\t\t\t<\/div>\n\t\t\t\t<div class=\"elementor-element elementor-element-7b6c8bcd elementor-view-stacked elementor-shape-square elementor-widget__width-initial elementor-position-block-start elementor-mobile-position-block-start elementor-widget elementor-widget-icon-box\" data-id=\"7b6c8bcd\" data-element_type=\"widget\" data-e-type=\"widget\" data-widget_type=\"icon-box.default\">\n\t\t\t\t<div class=\"elementor-widget-container\">\n\t\t\t\t\t\t\t<div class=\"elementor-icon-box-wrapper\">\n\n\t\t\t\t\t\t<div class=\"elementor-icon-box-icon\">\n\t\t\t\t<span  class=\"elementor-icon elementor-animation-shrink\">\n\t\t\t\t<i aria-hidden=\"true\" class=\"fas fa-microchip\"><\/i>\t\t\t\t<\/span>\n\t\t\t<\/div>\n\t\t\t\n\t\t\t\t\t\t<div class=\"elementor-icon-box-content\">\n\n\t\t\t\t\t\t\t\t\t<h4 class=\"elementor-icon-box-title\">\n\t\t\t\t\t\t<span  >\n\t\t\t\t\t\t\tErrors de maquinari \t\t\t\t\t\t<\/span>\n\t\t\t\t\t<\/h4>\n\t\t\t\t\n\t\t\t\t\t\t\t\t\t<p class=\"elementor-icon-box-description\">\n\t\t\t\t\t\tL'Equip no treu Imatge o apareix un pantallazo Blau? Substitu\u00efm Fonts, discos, mem\u00f2ria ram o targetes gr\u00e0fiques. Si tens un problema amb algun component ens encarreguem a realitzar un diagn\u00f2stic de l'equip i procedim a la substituci\u00f3 de la pe\u00e7a.\t\t\t\t\t<\/p>\n\t\t\t\t\n\t\t\t<\/div>\n\t\t\t\n\t\t<\/div>\n\t\t\t\t\t\t<\/div>\n\t\t\t\t<\/div>\n\t\t\t\t\t<\/div>\n\t\t\t\t<\/div>\n\t\t<div class=\"elementor-element elementor-element-48fea58c e-flex e-con-boxed e-con e-parent\" data-id=\"48fea58c\" data-element_type=\"container\" data-e-type=\"container\" data-settings=\"{&quot;background_background&quot;:&quot;classic&quot;}\">\n\t\t\t\t\t<div class=\"e-con-inner\">\n\t\t\t\t<div class=\"elementor-element elementor-element-42575415 elementor-widget elementor-widget-heading\" data-id=\"42575415\" data-element_type=\"widget\" data-e-type=\"widget\" data-widget_type=\"heading.default\">\n\t\t\t\t<div class=\"elementor-widget-container\">\n\t\t\t\t\t<h2 class=\"elementor-heading-title elementor-size-default\">Reparacions de Port\u00e0tils<\/h2>\t\t\t\t<\/div>\n\t\t\t\t<\/div>\n\t\t\t\t<div class=\"elementor-element elementor-element-65d8cbd elementor-widget elementor-widget-heading\" data-id=\"65d8cbd\" data-element_type=\"widget\" data-e-type=\"widget\" data-widget_type=\"heading.default\">\n\t\t\t\t<div class=\"elementor-widget-container\">\n\t\t\t\t\t<h4 class=\"elementor-heading-title elementor-size-default\">A m\u00e9s de les fallades comunes esmentats anteriorment, som especialistes en Reparacions de Port\u00e0tils. Al nostre taller de Lleida amb m\u00e9s de 20 anys d'experi\u00e8ncia aportem la millor soluci\u00f3 del mercat davant de qualsevol avaria.<\/h4>\t\t\t\t<\/div>\n\t\t\t\t<\/div>\n\t\t<div class=\"elementor-element elementor-element-6848b020 e-con-full e-flex e-con e-child\" data-id=\"6848b020\" data-element_type=\"container\" data-e-type=\"container\">\n\t\t\t\t<div class=\"elementor-element elementor-element-7a30d1f1 elementor-widget__width-initial elementor-widget elementor-widget-icon-box\" data-id=\"7a30d1f1\" data-element_type=\"widget\" data-e-type=\"widget\" data-widget_type=\"icon-box.default\">\n\t\t\t\t<div class=\"elementor-widget-container\">\n\t\t\t\t\t\t\t<div class=\"elementor-icon-box-wrapper\">\n\n\t\t\t\n\t\t\t\t\t\t<div class=\"elementor-icon-box-content\">\n\n\t\t\t\t\t\t\t\t\t<h4 class=\"elementor-icon-box-title\">\n\t\t\t\t\t\t<span  >\n\t\t\t\t\t\t\tCanvi de Pantalla\t\t\t\t\t\t<\/span>\n\t\t\t\t\t<\/h4>\n\t\t\t\t\n\t\t\t\t\t\t\t\t\t<p class=\"elementor-icon-box-description\">\n\t\t\t\t\t\tReparem port\u00e0tils amb pantalla trencada a Lleida. Si has tingut un accident acosta'ns l'equip i realitzem la substituci\u00f3 en un curt per\u00edode . A m\u00e9s, treballem amb totes les marques\t\t\t\t\t<\/p>\n\t\t\t\t\n\t\t\t<\/div>\n\t\t\t\n\t\t<\/div>\n\t\t\t\t\t\t<\/div>\n\t\t\t\t<\/div>\n\t\t\t\t<div class=\"elementor-element elementor-element-21e9e711 elementor-widget__width-initial elementor-widget elementor-widget-icon-box\" data-id=\"21e9e711\" data-element_type=\"widget\" data-e-type=\"widget\" data-widget_type=\"icon-box.default\">\n\t\t\t\t<div class=\"elementor-widget-container\">\n\t\t\t\t\t\t\t<div class=\"elementor-icon-box-wrapper\">\n\n\t\t\t\n\t\t\t\t\t\t<div class=\"elementor-icon-box-content\">\n\n\t\t\t\t\t\t\t\t\t<h4 class=\"elementor-icon-box-title\">\n\t\t\t\t\t\t<span  >\n\t\t\t\t\t\t\tSobreescalfament \t\t\t\t\t\t<\/span>\n\t\t\t\t\t<\/h4>\n\t\t\t\t\n\t\t\t\t\t\t\t\t\t<p class=\"elementor-icon-box-description\">\n\t\t\t\t\t\tSi notes que el teu equip s'escalfa o fins i tot s'apaga a l'estona d'estar treballant, cal netejar-lo per dins. En primer lloc fem una neteja dels dissipadors i per altra banda es canvia la pasta T\u00e8rmica d'aquesta manera s'eviten mals majors.\t\t\t\t\t<\/p>\n\t\t\t\t\n\t\t\t<\/div>\n\t\t\t\n\t\t<\/div>\n\t\t\t\t\t\t<\/div>\n\t\t\t\t<\/div>\n\t\t\t\t<div class=\"elementor-element elementor-element-7b35a162 elementor-widget__width-initial elementor-widget elementor-widget-icon-box\" data-id=\"7b35a162\" data-element_type=\"widget\" data-e-type=\"widget\" data-widget_type=\"icon-box.default\">\n\t\t\t\t<div class=\"elementor-widget-container\">\n\t\t\t\t\t\t\t<div class=\"elementor-icon-box-wrapper\">\n\n\t\t\t\n\t\t\t\t\t\t<div class=\"elementor-icon-box-content\">\n\n\t\t\t\t\t\t\t\t\t<h4 class=\"elementor-icon-box-title\">\n\t\t\t\t\t\t<span  >\n\t\t\t\t\t\t\tCanvi de Teclat \t\t\t\t\t\t<\/span>\n\t\t\t\t\t<\/h4>\n\t\t\t\t\n\t\t\t\t\t\t\t\t\t<p class=\"elementor-icon-box-description\">\n\t\t\t\t\t\tRealitzem reparaci\u00f3 o substituci\u00f3 de teclats a Port\u00e0tils. Si no et funciona alguna tecla o t'ha caigut algun l\u00edquid i ja no et funciona, porteu-nos el port\u00e0til per solucionar-'ho.\t\t\t\t\t<\/p>\n\t\t\t\t\n\t\t\t<\/div>\n\t\t\t\n\t\t<\/div>\n\t\t\t\t\t\t<\/div>\n\t\t\t\t<\/div>\n\t\t\t\t<div class=\"elementor-element elementor-element-f053a89 elementor-widget__width-initial elementor-widget elementor-widget-icon-box\" data-id=\"f053a89\" data-element_type=\"widget\" data-e-type=\"widget\" data-widget_type=\"icon-box.default\">\n\t\t\t\t<div class=\"elementor-widget-container\">\n\t\t\t\t\t\t\t<div class=\"elementor-icon-box-wrapper\">\n\n\t\t\t\n\t\t\t\t\t\t<div class=\"elementor-icon-box-content\">\n\n\t\t\t\t\t\t\t\t\t<h4 class=\"elementor-icon-box-title\">\n\t\t\t\t\t\t<span  >\n\t\t\t\t\t\t\tC\u00e0rrega \t\t\t\t\t\t<\/span>\n\t\t\t\t\t<\/h4>\n\t\t\t\t\n\t\t\t\t\t\t\t\t\t<p class=\"elementor-icon-box-description\">\n\t\t\t\t\t\tReparem i substitu\u00efm connectors de c\u00e0rrega de port\u00e0tils segons el tipus. Canviem la bateria del teu equip, i tenim carregadors per al teu equip. Per aquest motiu si tens problemes de c\u00e0rrega o alimentaci\u00f3, acostar-lo i t'ho valorem gratu\u00eftament. \t\t\t\t\t<\/p>\n\t\t\t\t\n\t\t\t<\/div>\n\t\t\t\n\t\t<\/div>\n\t\t\t\t\t\t<\/div>\n\t\t\t\t<\/div>\n\t\t\t\t<\/div>\n\t\t\t\t\t<\/div>\n\t\t\t\t<\/div>\n\t\t\t\t<\/div>\n\t\t","protected":false},"excerpt":{"rendered":"<p>Reparaci\u00f3 d&#8217;ordinadors Realitzem Diagn\u00f2stic i Reparaci\u00f3 de qualsevol Equip Inform\u00e0tic fixe o port\u00e0til, de Programari i Maquinari.\u00a0Som especialistes en l&#8217;eliminaci\u00f3 de virus i malware utilitzant les eines m\u00e9s fiables i efectives.\u00a0A m\u00e9s de solucionar els problemes m\u00e9s comuns dels port\u00e0tils com ara canvi de Pantalla, Frontisses, Connector de C\u00e0rrega&#8230; Disposem d\u00b4un ampli Cat\u00e0leg de Recanvis [&hellip;]<\/p>\n","protected":false},"author":1,"featured_media":0,"parent":0,"menu_order":0,"comment_status":"closed","ping_status":"closed","template":"","meta":{"footnotes":""},"class_list":["post-431","page","type-page","status-publish","hentry"],"_links":{"self":[{"href":"https:\/\/zblleida.com\/web\/wp-json\/wp\/v2\/pages\/431","targetHints":{"allow":["GET"]}}],"collection":[{"href":"https:\/\/zblleida.com\/web\/wp-json\/wp\/v2\/pages"}],"about":[{"href":"https:\/\/zblleida.com\/web\/wp-json\/wp\/v2\/types\/page"}],"author":[{"embeddable":true,"href":"https:\/\/zblleida.com\/web\/wp-json\/wp\/v2\/users\/1"}],"replies":[{"embeddable":true,"href":"https:\/\/zblleida.com\/web\/wp-json\/wp\/v2\/comments?post=431"}],"version-history":[{"count":71,"href":"https:\/\/zblleida.com\/web\/wp-json\/wp\/v2\/pages\/431\/revisions"}],"predecessor-version":[{"id":802,"href":"https:\/\/zblleida.com\/web\/wp-json\/wp\/v2\/pages\/431\/revisions\/802"}],"wp:attachment":[{"href":"https:\/\/zblleida.com\/web\/wp-json\/wp\/v2\/media?parent=431"}],"curies":[{"name":"wp","href":"https:\/\/api.w.org\/{rel}","templated":true}]}}