{"id":395,"date":"2023-09-29T16:20:27","date_gmt":"2023-09-29T16:20:27","guid":{"rendered":"https:\/\/zblleida.com\/web\/?page_id=395"},"modified":"2024-02-21T13:17:00","modified_gmt":"2024-02-21T13:17:00","slug":"copies-seguretat-lleida","status":"publish","type":"page","link":"https:\/\/zblleida.com\/web\/copies-seguretat-lleida\/","title":{"rendered":"C\u00f2pies de seguretat"},"content":{"rendered":"\t\t<div data-elementor-type=\"wp-page\" data-elementor-id=\"395\" class=\"elementor elementor-395\" data-elementor-post-type=\"page\">\n\t\t\t\t<div class=\"elementor-element elementor-element-226cf20e e-flex e-con-boxed e-con e-parent\" data-id=\"226cf20e\" data-element_type=\"container\" data-e-type=\"container\">\n\t\t\t\t\t<div class=\"e-con-inner\">\n\t\t\t\t<div class=\"elementor-element elementor-element-25333d02 elementor-widget elementor-widget-heading\" data-id=\"25333d02\" data-element_type=\"widget\" data-e-type=\"widget\" data-widget_type=\"heading.default\">\n\t\t\t\t<div class=\"elementor-widget-container\">\n\t\t\t\t\t<h2 class=\"elementor-heading-title elementor-size-default\">C\u00f2pies de seguretat<\/h2>\t\t\t\t<\/div>\n\t\t\t\t<\/div>\n\t\t\t\t\t<\/div>\n\t\t\t\t<\/div>\n\t\t<div class=\"elementor-element elementor-element-5e88fbe0 e-flex e-con-boxed e-con e-parent\" data-id=\"5e88fbe0\" data-element_type=\"container\" data-e-type=\"container\">\n\t\t\t\t\t<div class=\"e-con-inner\">\n\t\t\t\t<div class=\"elementor-element elementor-element-44865971 elementor-widget elementor-widget-spacer\" data-id=\"44865971\" data-element_type=\"widget\" data-e-type=\"widget\" data-widget_type=\"spacer.default\">\n\t\t\t\t<div class=\"elementor-widget-container\">\n\t\t\t\t\t\t\t<div class=\"elementor-spacer\">\n\t\t\t<div class=\"elementor-spacer-inner\"><\/div>\n\t\t<\/div>\n\t\t\t\t\t\t<\/div>\n\t\t\t\t<\/div>\n\t\t\t\t\t<\/div>\n\t\t\t\t<\/div>\n\t\t<div class=\"elementor-element elementor-element-8e8ccd0 e-flex e-con-boxed e-con e-parent\" data-id=\"8e8ccd0\" data-element_type=\"container\" data-e-type=\"container\">\n\t\t\t\t\t<div class=\"e-con-inner\">\n\t\t\t\t<div class=\"elementor-element elementor-element-26ff44a0 elementor-widget elementor-widget-image\" data-id=\"26ff44a0\" data-element_type=\"widget\" data-e-type=\"widget\" data-widget_type=\"image.default\">\n\t\t\t\t<div class=\"elementor-widget-container\">\n\t\t\t\t\t\t\t\t\t\t\t\t\t\t\t<img fetchpriority=\"high\" decoding=\"async\" width=\"540\" height=\"358\" src=\"https:\/\/zblleida.com\/web\/wp-content\/uploads\/2024\/02\/Data_Control.jpg\" class=\"attachment-full size-full wp-image-621\" alt=\"\" srcset=\"https:\/\/zblleida.com\/web\/wp-content\/uploads\/2024\/02\/Data_Control.jpg 540w, https:\/\/zblleida.com\/web\/wp-content\/uploads\/2024\/02\/Data_Control-300x199.jpg 300w\" sizes=\"(max-width: 540px) 100vw, 540px\" \/>\t\t\t\t\t\t\t\t\t\t\t\t\t\t\t<\/div>\n\t\t\t\t<\/div>\n\t\t<div class=\"elementor-element elementor-element-6ffd99c2 e-con-full e-flex e-con e-child\" data-id=\"6ffd99c2\" data-element_type=\"container\" data-e-type=\"container\">\n\t\t\t\t<div class=\"elementor-element elementor-element-5dd4bd2a elementor-widget elementor-widget-text-editor\" data-id=\"5dd4bd2a\" data-element_type=\"widget\" data-e-type=\"widget\" data-widget_type=\"text-editor.default\">\n\t\t\t\t<div class=\"elementor-widget-container\">\n\t\t\t\t\t\t\t\t\t<p>Programa de c\u00f2pies de seguretat autom\u00e0tiques per garantir que les teves dades estiguin sempre recolzades sense intervenci\u00f3 manual.<\/p><p>Optimitzem l\u2019\u00fas de recursos per maximitzar l\u2019efici\u00e8ncia sense comprometre la qualitat de la c\u00f2pia de seguretat.<\/p><p>Oferim solucions personalitzades per satisfer les necessitats espec\u00edfiques de la teva empresa.<\/p><p>El nostre equip d&#8217;experts est\u00e0 disponible per oferir assist\u00e8ncia t\u00e8cnica i assessorament en qualsevol moment.<\/p><p>Descansa tranquil sabent que les teves dades estan protegides de manera segura i sempre disponibles.<\/p>\t\t\t\t\t\t\t\t<\/div>\n\t\t\t\t<\/div>\n\t\t\t\t<\/div>\n\t\t\t\t\t<\/div>\n\t\t\t\t<\/div>\n\t\t<div class=\"elementor-element elementor-element-4877f72f e-flex e-con-boxed e-con e-parent\" data-id=\"4877f72f\" data-element_type=\"container\" data-e-type=\"container\">\n\t\t\t\t\t<div class=\"e-con-inner\">\n\t\t<div class=\"elementor-element elementor-element-4b1c0dfe e-con-full e-flex e-con e-child\" data-id=\"4b1c0dfe\" data-element_type=\"container\" data-e-type=\"container\">\n\t\t\t\t<\/div>\n\t\t<div class=\"elementor-element elementor-element-723aa9e1 e-con-full e-flex e-con e-child\" data-id=\"723aa9e1\" data-element_type=\"container\" data-e-type=\"container\">\n\t\t\t\t<\/div>\n\t\t\t\t\t<\/div>\n\t\t\t\t<\/div>\n\t\t<div class=\"elementor-element elementor-element-7d22ba91 e-flex e-con-boxed e-con e-parent\" data-id=\"7d22ba91\" data-element_type=\"container\" data-e-type=\"container\" data-settings=\"{&quot;background_background&quot;:&quot;classic&quot;}\">\n\t\t\t\t\t<div class=\"e-con-inner\">\n\t\t<div class=\"elementor-element elementor-element-445b8d49 e-con-full e-flex e-con e-child\" data-id=\"445b8d49\" data-element_type=\"container\" data-e-type=\"container\">\n\t\t\t\t<div class=\"elementor-element elementor-element-3f82359 elementor-widget elementor-widget-heading\" data-id=\"3f82359\" data-element_type=\"widget\" data-e-type=\"widget\" data-widget_type=\"heading.default\">\n\t\t\t\t<div class=\"elementor-widget-container\">\n\t\t\t\t\t<h1 class=\"elementor-heading-title elementor-size-default\">C\u00f2pies de seguretat<\/h1>\t\t\t\t<\/div>\n\t\t\t\t<\/div>\n\t\t\t\t<div class=\"elementor-element elementor-element-46cda2da elementor-widget elementor-widget-text-editor\" data-id=\"46cda2da\" data-element_type=\"widget\" data-e-type=\"widget\" data-widget_type=\"text-editor.default\">\n\t\t\t\t<div class=\"elementor-widget-container\">\n\t\t\t\t\t\t\t\t\t<p>Uneix-te a Nosaltres en la Protecci\u00f3 de les teves dades<\/p>\t\t\t\t\t\t\t\t<\/div>\n\t\t\t\t<\/div>\n\t\t\t\t<div class=\"elementor-element elementor-element-43547c61 elementor-mobile-align-center elementor-widget elementor-widget-button\" data-id=\"43547c61\" data-element_type=\"widget\" data-e-type=\"widget\" data-widget_type=\"button.default\">\n\t\t\t\t<div class=\"elementor-widget-container\">\n\t\t\t\t\t\t\t\t\t<div class=\"elementor-button-wrapper\">\n\t\t\t\t\t<a class=\"elementor-button elementor-button-link elementor-size-sm\" href=\"tel:973225155\">\n\t\t\t\t\t\t<span class=\"elementor-button-content-wrapper\">\n\t\t\t\t\t\t\t\t\t<span class=\"elementor-button-text\">Contacta\u2019ns<\/span>\n\t\t\t\t\t<\/span>\n\t\t\t\t\t<\/a>\n\t\t\t\t<\/div>\n\t\t\t\t\t\t\t\t<\/div>\n\t\t\t\t<\/div>\n\t\t\t\t<\/div>\n\t\t<div class=\"elementor-element elementor-element-4190e70d e-con-full e-flex e-con e-child\" data-id=\"4190e70d\" data-element_type=\"container\" data-e-type=\"container\">\n\t\t\t\t<div class=\"elementor-element elementor-element-7b1602a5 elementor-widget elementor-widget-image\" data-id=\"7b1602a5\" data-element_type=\"widget\" data-e-type=\"widget\" data-widget_type=\"image.default\">\n\t\t\t\t<div class=\"elementor-widget-container\">\n\t\t\t\t\t\t\t\t\t\t\t\t\t\t\t<img decoding=\"async\" width=\"284\" height=\"177\" src=\"https:\/\/zblleida.com\/web\/wp-content\/uploads\/2024\/02\/clo.jpg\" class=\"attachment-large size-large wp-image-631\" alt=\"\" \/>\t\t\t\t\t\t\t\t\t\t\t\t\t\t\t<\/div>\n\t\t\t\t<\/div>\n\t\t\t\t<\/div>\n\t\t\t\t\t<\/div>\n\t\t\t\t<\/div>\n\t\t<div class=\"elementor-element elementor-element-238077ef e-flex e-con-boxed e-con e-parent\" data-id=\"238077ef\" data-element_type=\"container\" data-e-type=\"container\" data-settings=\"{&quot;background_background&quot;:&quot;classic&quot;}\">\n\t\t\t\t\t<div class=\"e-con-inner\">\n\t\t\t\t<div class=\"elementor-element elementor-element-5d279a96 elementor-widget elementor-widget-heading\" data-id=\"5d279a96\" data-element_type=\"widget\" data-e-type=\"widget\" data-widget_type=\"heading.default\">\n\t\t\t\t<div class=\"elementor-widget-container\">\n\t\t\t\t\t<p class=\"elementor-heading-title elementor-size-default\">\u00a9 2026 All Rights Reserved.<\/p>\t\t\t\t<\/div>\n\t\t\t\t<\/div>\n\t\t\t\t\t<\/div>\n\t\t\t\t<\/div>\n\t\t\t\t<\/div>\n\t\t","protected":false},"excerpt":{"rendered":"<p>C\u00f2pies de seguretat Programa de c\u00f2pies de seguretat autom\u00e0tiques per garantir que les teves dades estiguin sempre recolzades sense intervenci\u00f3 manual. Optimitzem l\u2019\u00fas de recursos per maximitzar l\u2019efici\u00e8ncia sense comprometre la qualitat de la c\u00f2pia de seguretat. Oferim solucions personalitzades per satisfer les necessitats espec\u00edfiques de la teva empresa. El nostre equip d&#8217;experts est\u00e0 disponible [&hellip;]<\/p>\n","protected":false},"author":1,"featured_media":0,"parent":0,"menu_order":0,"comment_status":"closed","ping_status":"closed","template":"","meta":{"footnotes":""},"class_list":["post-395","page","type-page","status-publish","hentry"],"_links":{"self":[{"href":"https:\/\/zblleida.com\/web\/wp-json\/wp\/v2\/pages\/395","targetHints":{"allow":["GET"]}}],"collection":[{"href":"https:\/\/zblleida.com\/web\/wp-json\/wp\/v2\/pages"}],"about":[{"href":"https:\/\/zblleida.com\/web\/wp-json\/wp\/v2\/types\/page"}],"author":[{"embeddable":true,"href":"https:\/\/zblleida.com\/web\/wp-json\/wp\/v2\/users\/1"}],"replies":[{"embeddable":true,"href":"https:\/\/zblleida.com\/web\/wp-json\/wp\/v2\/comments?post=395"}],"version-history":[{"count":28,"href":"https:\/\/zblleida.com\/web\/wp-json\/wp\/v2\/pages\/395\/revisions"}],"predecessor-version":[{"id":757,"href":"https:\/\/zblleida.com\/web\/wp-json\/wp\/v2\/pages\/395\/revisions\/757"}],"wp:attachment":[{"href":"https:\/\/zblleida.com\/web\/wp-json\/wp\/v2\/media?parent=395"}],"curies":[{"name":"wp","href":"https:\/\/api.w.org\/{rel}","templated":true}]}}