{"id":386,"date":"2023-09-29T16:18:36","date_gmt":"2023-09-29T16:18:36","guid":{"rendered":"https:\/\/zblleida.com\/web\/?page_id=386"},"modified":"2024-03-14T17:15:50","modified_gmt":"2024-03-14T17:15:50","slug":"software-aig-lleida","status":"publish","type":"page","link":"https:\/\/zblleida.com\/web\/software-aig-lleida\/","title":{"rendered":"Software AIG"},"content":{"rendered":"\t\t<div data-elementor-type=\"wp-page\" data-elementor-id=\"386\" class=\"elementor elementor-386\" data-elementor-post-type=\"page\">\n\t\t\t\t<div class=\"elementor-element elementor-element-38be2c6a e-flex e-con-boxed e-con e-parent\" data-id=\"38be2c6a\" data-element_type=\"container\" data-e-type=\"container\">\n\t\t\t\t\t<div class=\"e-con-inner\">\n\t\t\t\t<div class=\"elementor-element elementor-element-7e3e34a3 elementor-widget elementor-widget-heading\" data-id=\"7e3e34a3\" data-element_type=\"widget\" data-e-type=\"widget\" data-widget_type=\"heading.default\">\n\t\t\t\t<div class=\"elementor-widget-container\">\n\t\t\t\t\t<h2 class=\"elementor-heading-title elementor-size-default\">Software AIG<\/h2>\t\t\t\t<\/div>\n\t\t\t\t<\/div>\n\t\t\t\t\t<\/div>\n\t\t\t\t<\/div>\n\t\t<div class=\"elementor-element elementor-element-302a6c9d e-flex e-con-boxed e-con e-parent\" data-id=\"302a6c9d\" data-element_type=\"container\" data-e-type=\"container\">\n\t\t\t\t\t<div class=\"e-con-inner\">\n\t\t\t\t<div class=\"elementor-element elementor-element-4eadc404 elementor-widget elementor-widget-spacer\" data-id=\"4eadc404\" data-element_type=\"widget\" data-e-type=\"widget\" data-widget_type=\"spacer.default\">\n\t\t\t\t<div class=\"elementor-widget-container\">\n\t\t\t\t\t\t\t<div class=\"elementor-spacer\">\n\t\t\t<div class=\"elementor-spacer-inner\"><\/div>\n\t\t<\/div>\n\t\t\t\t\t\t<\/div>\n\t\t\t\t<\/div>\n\t\t\t\t\t<\/div>\n\t\t\t\t<\/div>\n\t\t<div class=\"elementor-element elementor-element-4e58498 e-flex e-con-boxed e-con e-parent\" data-id=\"4e58498\" data-element_type=\"container\" data-e-type=\"container\">\n\t\t\t\t\t<div class=\"e-con-inner\">\n\t\t\t\t<div class=\"elementor-element elementor-element-1b8ab37b elementor-widget elementor-widget-image\" data-id=\"1b8ab37b\" data-element_type=\"widget\" data-e-type=\"widget\" data-widget_type=\"image.default\">\n\t\t\t\t<div class=\"elementor-widget-container\">\n\t\t\t\t\t\t\t\t\t\t\t\t\t\t\t<img fetchpriority=\"high\" decoding=\"async\" width=\"1370\" height=\"516\" src=\"https:\/\/zblleida.com\/web\/wp-content\/uploads\/2024\/02\/classicges6_administracion_02_xlarge.jpg\" class=\"attachment-full size-full wp-image-472\" alt=\"\" srcset=\"https:\/\/zblleida.com\/web\/wp-content\/uploads\/2024\/02\/classicges6_administracion_02_xlarge.jpg 1370w, https:\/\/zblleida.com\/web\/wp-content\/uploads\/2024\/02\/classicges6_administracion_02_xlarge-300x113.jpg 300w, https:\/\/zblleida.com\/web\/wp-content\/uploads\/2024\/02\/classicges6_administracion_02_xlarge-1024x386.jpg 1024w, https:\/\/zblleida.com\/web\/wp-content\/uploads\/2024\/02\/classicges6_administracion_02_xlarge-768x289.jpg 768w\" sizes=\"(max-width: 1370px) 100vw, 1370px\" \/>\t\t\t\t\t\t\t\t\t\t\t\t\t\t\t<\/div>\n\t\t\t\t<\/div>\n\t\t<div class=\"elementor-element elementor-element-2f2e07a8 e-flex e-con-boxed e-con e-child\" data-id=\"2f2e07a8\" data-element_type=\"container\" data-e-type=\"container\">\n\t\t\t\t\t<div class=\"e-con-inner\">\n\t\t\t\t<div class=\"elementor-element elementor-element-6320036e elementor-widget elementor-widget-text-editor\" data-id=\"6320036e\" data-element_type=\"widget\" data-e-type=\"widget\" data-widget_type=\"text-editor.default\">\n\t\t\t\t<div class=\"elementor-widget-container\">\n\t\t\t\t\t\t\t\t\t<p>Circuit complet de compres i vendes ClassicGes 6 suporta un ampli estoc d&#8217;articles i permet gestionar-los per talla, color, n\u00famero de s\u00e8rie, caducitat i garantia.<\/p><p>Emet amb efic\u00e0cia pressupostos, comandes, albarans i factures d\u00b4entrada i sortida.<\/p><p>Pots incloure el logotip de la teva empresa a les factures amb facilitat.<\/p><p>Treballa amb talles i colors, control d&#8217;estoc, pol\u00edtiques de preu per client, n\u00famero de lot i caducitat.<\/p><p>Suporta un ampli estoc i m\u00faltiples magatzems. Inclou CRM, gesti\u00f3 de reserves i perfils de client.<\/p><p>Les finestres s\u00f3n ordenades per colors per facilitar la gesti\u00f3 de documents i funcions. <\/p>\t\t\t\t\t\t\t\t<\/div>\n\t\t\t\t<\/div>\n\t\t\t\t\t<\/div>\n\t\t\t\t<\/div>\n\t\t\t\t\t<\/div>\n\t\t\t\t<\/div>\n\t\t<div class=\"elementor-element elementor-element-1bc5593e e-flex e-con-boxed e-con e-parent\" data-id=\"1bc5593e\" data-element_type=\"container\" data-e-type=\"container\">\n\t\t\t\t\t<div class=\"e-con-inner\">\n\t\t<div class=\"elementor-element elementor-element-74f79b65 e-con-full e-flex e-con e-child\" data-id=\"74f79b65\" data-element_type=\"container\" data-e-type=\"container\">\n\t\t\t\t<\/div>\n\t\t<div class=\"elementor-element elementor-element-7e3177bc e-con-full e-flex e-con e-child\" data-id=\"7e3177bc\" data-element_type=\"container\" data-e-type=\"container\">\n\t\t\t\t<\/div>\n\t\t\t\t\t<\/div>\n\t\t\t\t<\/div>\n\t\t<div class=\"elementor-element elementor-element-c21e217 e-flex e-con-boxed e-con e-parent\" data-id=\"c21e217\" data-element_type=\"container\" data-e-type=\"container\">\n\t\t\t\t\t<div class=\"e-con-inner\">\n\t\t<div class=\"elementor-element elementor-element-711c85f2 e-con-full e-flex e-con e-child\" data-id=\"711c85f2\" data-element_type=\"container\" data-e-type=\"container\">\n\t\t\t\t<div class=\"elementor-element elementor-element-55be0cac elementor-widget elementor-widget-text-editor\" data-id=\"55be0cac\" data-element_type=\"widget\" data-e-type=\"widget\" data-widget_type=\"text-editor.default\">\n\t\t\t\t<div class=\"elementor-widget-container\">\n\t\t\t\t\t\t\t\t\t<p>Registra les entrades i les sortides dels teus treballadors, des de l&#8217;oficina o des d&#8217;aplicaci\u00f3 m\u00f2bil (per a l&#8217;app cal disposar de ClassicAIR 6).<\/p><p>Terminal Punt de Venda per a Comer\u00e7, TPV T\u00e0ctil espec\u00edfic per a Hosteleria i app per a TPV M\u00f2bil (per a l&#8217;app cal disposar de ClassicAIR 6).<\/p><p>Compatible amb tots els dispositius locals. Inclou fitxa d&#8217;escandall per a la fabricaci\u00f3 en s\u00e8rie, parts de producci\u00f3 a mida per con\u00e8ixer el cost real dels projectes, la gesti\u00f3 d&#8217;expedients i la tra\u00e7abilitat de productes.<\/p><p>Trieu la versi\u00f3 adequada al vostre negoci entre quatre models de programa. Gesti\u00f3, Comer\u00e7 TPV, Hosteleria i Fabricaci\u00f3 Aut\u00f2noms Professionals s\u00f3n configuracions espec\u00edfiques per sector comercial.<\/p>\t\t\t\t\t\t\t\t<\/div>\n\t\t\t\t<\/div>\n\t\t\t\t<\/div>\n\t\t\t\t<div class=\"elementor-element elementor-element-6cfcae8b elementor-widget elementor-widget-image\" data-id=\"6cfcae8b\" data-element_type=\"widget\" data-e-type=\"widget\" data-widget_type=\"image.default\">\n\t\t\t\t<div class=\"elementor-widget-container\">\n\t\t\t\t\t\t\t\t\t\t\t\t\t\t\t<img decoding=\"async\" width=\"1370\" height=\"516\" src=\"https:\/\/zblleida.com\/web\/wp-content\/uploads\/2024\/02\/classicges6_administracion_09_xlarge.jpg\" class=\"attachment-full size-full wp-image-473\" alt=\"\" srcset=\"https:\/\/zblleida.com\/web\/wp-content\/uploads\/2024\/02\/classicges6_administracion_09_xlarge.jpg 1370w, https:\/\/zblleida.com\/web\/wp-content\/uploads\/2024\/02\/classicges6_administracion_09_xlarge-300x113.jpg 300w, https:\/\/zblleida.com\/web\/wp-content\/uploads\/2024\/02\/classicges6_administracion_09_xlarge-1024x386.jpg 1024w, https:\/\/zblleida.com\/web\/wp-content\/uploads\/2024\/02\/classicges6_administracion_09_xlarge-768x289.jpg 768w\" sizes=\"(max-width: 1370px) 100vw, 1370px\" \/>\t\t\t\t\t\t\t\t\t\t\t\t\t\t\t<\/div>\n\t\t\t\t<\/div>\n\t\t\t\t\t<\/div>\n\t\t\t\t<\/div>\n\t\t<div class=\"elementor-element elementor-element-7681556a e-flex e-con-boxed e-con e-parent\" data-id=\"7681556a\" data-element_type=\"container\" data-e-type=\"container\" data-settings=\"{&quot;background_background&quot;:&quot;classic&quot;}\">\n\t\t\t\t\t<div class=\"e-con-inner\">\n\t\t<div class=\"elementor-element elementor-element-ea6f8bb e-con-full e-flex e-con e-child\" data-id=\"ea6f8bb\" data-element_type=\"container\" data-e-type=\"container\">\n\t\t\t\t<div class=\"elementor-element elementor-element-1223d6e8 elementor-widget elementor-widget-heading\" data-id=\"1223d6e8\" data-element_type=\"widget\" data-e-type=\"widget\" data-widget_type=\"heading.default\">\n\t\t\t\t<div class=\"elementor-widget-container\">\n\t\t\t\t\t<h1 class=\"elementor-heading-title elementor-size-default\">ClassicGes 6<\/h1>\t\t\t\t<\/div>\n\t\t\t\t<\/div>\n\t\t\t\t<div class=\"elementor-element elementor-element-496365f0 elementor-widget elementor-widget-text-editor\" data-id=\"496365f0\" data-element_type=\"widget\" data-e-type=\"widget\" data-widget_type=\"text-editor.default\">\n\t\t\t\t<div class=\"elementor-widget-container\">\n\t\t\t\t\t\t\t\t\t<p>ClassicGes 6 \u00e9s el programa de gesti\u00f3 que el teu negoci necessita. La seva extensa traject\u00f2ria al mercat proporciona efic\u00e0cia fins i tot en els petits detalls. Un sistema rotund basat en l\u2019experi\u00e8ncia real de m\u00e9s de 65.000 usuaris i el desenvolupament de funcions espec\u00edfiques amb tecnologia pr\u00f2pia.<\/p><p>Descarrega\u2019t la demo e introdueix el codi promocional d\u2019activaci\u00f3 amb un mes de prova: PCD4H6EJ1<\/p>\t\t\t\t\t\t\t\t<\/div>\n\t\t\t\t<\/div>\n\t\t\t\t<div class=\"elementor-element elementor-element-53632b1d elementor-mobile-align-center elementor-widget elementor-widget-button\" data-id=\"53632b1d\" data-element_type=\"widget\" data-e-type=\"widget\" data-widget_type=\"button.default\">\n\t\t\t\t<div class=\"elementor-widget-container\">\n\t\t\t\t\t\t\t\t\t<div class=\"elementor-button-wrapper\">\n\t\t\t\t\t<a class=\"elementor-button elementor-button-link elementor-size-sm\" href=\"https:\/\/aigclassic.com\/aig_demos\/Instalar_ClassicGes6.exe\" rel=\"nofollow noopener\" target=\"_blank\">\n\t\t\t\t\t\t<span class=\"elementor-button-content-wrapper\">\n\t\t\t\t\t\t\t\t\t<span class=\"elementor-button-text\">demo<\/span>\n\t\t\t\t\t<\/span>\n\t\t\t\t\t<\/a>\n\t\t\t\t<\/div>\n\t\t\t\t\t\t\t\t<\/div>\n\t\t\t\t<\/div>\n\t\t\t\t<div class=\"elementor-element elementor-element-2c9ceb7 elementor-mobile-align-center elementor-widget elementor-widget-button\" data-id=\"2c9ceb7\" data-element_type=\"widget\" data-e-type=\"widget\" data-widget_type=\"button.default\">\n\t\t\t\t<div class=\"elementor-widget-container\">\n\t\t\t\t\t\t\t\t\t<div class=\"elementor-button-wrapper\">\n\t\t\t\t\t<a class=\"elementor-button elementor-button-link elementor-size-sm\" href=\"tel:973225155\">\n\t\t\t\t\t\t<span class=\"elementor-button-content-wrapper\">\n\t\t\t\t\t\t\t\t\t<span class=\"elementor-button-text\">Contacta'ns<\/span>\n\t\t\t\t\t<\/span>\n\t\t\t\t\t<\/a>\n\t\t\t\t<\/div>\n\t\t\t\t\t\t\t\t<\/div>\n\t\t\t\t<\/div>\n\t\t\t\t<\/div>\n\t\t<div class=\"elementor-element elementor-element-3b54b157 e-con-full e-flex e-con e-child\" data-id=\"3b54b157\" data-element_type=\"container\" data-e-type=\"container\">\n\t\t\t\t<div class=\"elementor-element elementor-element-37731f55 elementor-widget elementor-widget-image\" data-id=\"37731f55\" data-element_type=\"widget\" data-e-type=\"widget\" data-widget_type=\"image.default\">\n\t\t\t\t<div class=\"elementor-widget-container\">\n\t\t\t\t\t\t\t\t\t\t\t\t\t\t\t<img decoding=\"async\" width=\"343\" height=\"473\" src=\"https:\/\/zblleida.com\/web\/wp-content\/uploads\/2024\/02\/ClassicGes6_Generico_lateral.png\" class=\"attachment-2048x2048 size-2048x2048 wp-image-474\" alt=\"\" srcset=\"https:\/\/zblleida.com\/web\/wp-content\/uploads\/2024\/02\/ClassicGes6_Generico_lateral.png 343w, https:\/\/zblleida.com\/web\/wp-content\/uploads\/2024\/02\/ClassicGes6_Generico_lateral-218x300.png 218w\" sizes=\"(max-width: 343px) 100vw, 343px\" \/>\t\t\t\t\t\t\t\t\t\t\t\t\t\t\t<\/div>\n\t\t\t\t<\/div>\n\t\t\t\t<\/div>\n\t\t\t\t\t<\/div>\n\t\t\t\t<\/div>\n\t\t<div class=\"elementor-element elementor-element-1a6666fb e-flex e-con-boxed e-con e-parent\" data-id=\"1a6666fb\" data-element_type=\"container\" data-e-type=\"container\" data-settings=\"{&quot;background_background&quot;:&quot;classic&quot;}\">\n\t\t\t\t\t<div class=\"e-con-inner\">\n\t\t\t\t<div class=\"elementor-element elementor-element-2ddc65e9 elementor-widget elementor-widget-heading\" data-id=\"2ddc65e9\" data-element_type=\"widget\" data-e-type=\"widget\" data-widget_type=\"heading.default\">\n\t\t\t\t<div class=\"elementor-widget-container\">\n\t\t\t\t\t<p class=\"elementor-heading-title elementor-size-default\">\u00a9 2026 All Rights Reserved.<\/p>\t\t\t\t<\/div>\n\t\t\t\t<\/div>\n\t\t\t\t\t<\/div>\n\t\t\t\t<\/div>\n\t\t\t\t<\/div>\n\t\t","protected":false},"excerpt":{"rendered":"<p>Software AIG Circuit complet de compres i vendes ClassicGes 6 suporta un ampli estoc d&#8217;articles i permet gestionar-los per talla, color, n\u00famero de s\u00e8rie, caducitat i garantia. Emet amb efic\u00e0cia pressupostos, comandes, albarans i factures d\u00b4entrada i sortida. Pots incloure el logotip de la teva empresa a les factures amb facilitat. Treballa amb talles i [&hellip;]<\/p>\n","protected":false},"author":1,"featured_media":0,"parent":0,"menu_order":0,"comment_status":"closed","ping_status":"closed","template":"","meta":{"footnotes":""},"class_list":["post-386","page","type-page","status-publish","hentry"],"_links":{"self":[{"href":"https:\/\/zblleida.com\/web\/wp-json\/wp\/v2\/pages\/386","targetHints":{"allow":["GET"]}}],"collection":[{"href":"https:\/\/zblleida.com\/web\/wp-json\/wp\/v2\/pages"}],"about":[{"href":"https:\/\/zblleida.com\/web\/wp-json\/wp\/v2\/types\/page"}],"author":[{"embeddable":true,"href":"https:\/\/zblleida.com\/web\/wp-json\/wp\/v2\/users\/1"}],"replies":[{"embeddable":true,"href":"https:\/\/zblleida.com\/web\/wp-json\/wp\/v2\/comments?post=386"}],"version-history":[{"count":22,"href":"https:\/\/zblleida.com\/web\/wp-json\/wp\/v2\/pages\/386\/revisions"}],"predecessor-version":[{"id":790,"href":"https:\/\/zblleida.com\/web\/wp-json\/wp\/v2\/pages\/386\/revisions\/790"}],"wp:attachment":[{"href":"https:\/\/zblleida.com\/web\/wp-json\/wp\/v2\/media?parent=386"}],"curies":[{"name":"wp","href":"https:\/\/api.w.org\/{rel}","templated":true}]}}