{"id":379,"date":"2023-09-29T16:11:05","date_gmt":"2023-09-29T16:11:05","guid":{"rendered":"https:\/\/zblleida.com\/web\/?page_id=379"},"modified":"2024-02-21T11:38:46","modified_gmt":"2024-02-21T11:38:46","slug":"serveis-cloud-lleida","status":"publish","type":"page","link":"https:\/\/zblleida.com\/web\/serveis-cloud-lleida\/","title":{"rendered":"Serveis Cloud"},"content":{"rendered":"\t\t<div data-elementor-type=\"wp-page\" data-elementor-id=\"379\" class=\"elementor elementor-379\" data-elementor-post-type=\"page\">\n\t\t\t\t<div class=\"elementor-element elementor-element-4df9a70d e-flex e-con-boxed e-con e-parent\" data-id=\"4df9a70d\" data-element_type=\"container\" data-e-type=\"container\">\n\t\t\t\t\t<div class=\"e-con-inner\">\n\t\t\t\t<div class=\"elementor-element elementor-element-62a0c03a elementor-widget elementor-widget-heading\" data-id=\"62a0c03a\" data-element_type=\"widget\" data-e-type=\"widget\" data-widget_type=\"heading.default\">\n\t\t\t\t<div class=\"elementor-widget-container\">\n\t\t\t\t\t<h2 class=\"elementor-heading-title elementor-size-default\">Serveis Cloud<\/h2>\t\t\t\t<\/div>\n\t\t\t\t<\/div>\n\t\t\t\t\t<\/div>\n\t\t\t\t<\/div>\n\t\t<div class=\"elementor-element elementor-element-5aed7ffa e-flex e-con-boxed e-con e-parent\" data-id=\"5aed7ffa\" data-element_type=\"container\" data-e-type=\"container\">\n\t\t\t\t\t<div class=\"e-con-inner\">\n\t\t\t\t<div class=\"elementor-element elementor-element-14c9b0c3 elementor-widget elementor-widget-spacer\" data-id=\"14c9b0c3\" data-element_type=\"widget\" data-e-type=\"widget\" data-widget_type=\"spacer.default\">\n\t\t\t\t<div class=\"elementor-widget-container\">\n\t\t\t\t\t\t\t<div class=\"elementor-spacer\">\n\t\t\t<div class=\"elementor-spacer-inner\"><\/div>\n\t\t<\/div>\n\t\t\t\t\t\t<\/div>\n\t\t\t\t<\/div>\n\t\t\t\t\t<\/div>\n\t\t\t\t<\/div>\n\t\t<div class=\"elementor-element elementor-element-479e6222 e-flex e-con-boxed e-con e-parent\" data-id=\"479e6222\" data-element_type=\"container\" data-e-type=\"container\">\n\t\t\t\t\t<div class=\"e-con-inner\">\n\t\t\t\t<div class=\"elementor-element elementor-element-67a2c202 elementor-widget__width-initial elementor-widget elementor-widget-image\" data-id=\"67a2c202\" data-element_type=\"widget\" data-e-type=\"widget\" data-widget_type=\"image.default\">\n\t\t\t\t<div class=\"elementor-widget-container\">\n\t\t\t\t\t\t\t\t\t\t\t\t\t\t\t<img fetchpriority=\"high\" decoding=\"async\" width=\"1920\" height=\"1280\" src=\"https:\/\/zblleida.com\/web\/wp-content\/uploads\/2024\/02\/hosting1.jpg\" class=\"attachment-full size-full wp-image-638\" alt=\"\" srcset=\"https:\/\/zblleida.com\/web\/wp-content\/uploads\/2024\/02\/hosting1.jpg 1920w, https:\/\/zblleida.com\/web\/wp-content\/uploads\/2024\/02\/hosting1-300x200.jpg 300w, https:\/\/zblleida.com\/web\/wp-content\/uploads\/2024\/02\/hosting1-1024x683.jpg 1024w, https:\/\/zblleida.com\/web\/wp-content\/uploads\/2024\/02\/hosting1-768x512.jpg 768w, https:\/\/zblleida.com\/web\/wp-content\/uploads\/2024\/02\/hosting1-1536x1024.jpg 1536w\" sizes=\"(max-width: 1920px) 100vw, 1920px\" \/>\t\t\t\t\t\t\t\t\t\t\t\t\t\t\t<\/div>\n\t\t\t\t<\/div>\n\t\t<div class=\"elementor-element elementor-element-6be52f93 e-con-full e-flex e-con e-child\" data-id=\"6be52f93\" data-element_type=\"container\" data-e-type=\"container\">\n\t\t\t\t<div class=\"elementor-element elementor-element-6dfaa4cd elementor-widget elementor-widget-text-editor\" data-id=\"6dfaa4cd\" data-element_type=\"widget\" data-e-type=\"widget\" data-widget_type=\"text-editor.default\">\n\t\t\t\t<div class=\"elementor-widget-container\">\n\t\t\t\t\t\t\t\t\t<p>Solucions integrals d&#8217;allotjament web i correu electr\u00f2nic dissenyats per potenciar la pres\u00e8ncia en l\u00ednia i la comunicaci\u00f3 empresarial. <br \/>Amb Plesk com a base i l&#8217;opci\u00f3 de serveis de Microsoft 365, portem les vostres operacions digitals al seg\u00fcent nivell<\/p><p>La nostra plataforma de hosting amb Plesk garanteix un rendiment \u00f2ptim i una experi\u00e8ncia dusuari excepcional. <br \/>T\u2019oferim o et gestionem un tauler de control f\u00e0cil d&#8217;usar per gestionar el teu hosting,we, i correus, simplificant tasques com l&#8217;administraci\u00f3 de fitxers, bases de dades i configuracions.<\/p><p>Implementem mesures de seguretat avan\u00e7ades per protegir les dades i oferir un entorn en l\u00ednia segur per a la teva empresa. <\/p>\t\t\t\t\t\t\t\t<\/div>\n\t\t\t\t<\/div>\n\t\t\t\t<\/div>\n\t\t\t\t\t<\/div>\n\t\t\t\t<\/div>\n\t\t<div class=\"elementor-element elementor-element-245d802e e-flex e-con-boxed e-con e-parent\" data-id=\"245d802e\" data-element_type=\"container\" data-e-type=\"container\">\n\t\t\t\t\t<div class=\"e-con-inner\">\n\t\t<div class=\"elementor-element elementor-element-275beabc e-con-full e-flex e-con e-child\" data-id=\"275beabc\" data-element_type=\"container\" data-e-type=\"container\">\n\t\t\t\t<\/div>\n\t\t<div class=\"elementor-element elementor-element-14390f36 e-con-full e-flex e-con e-child\" data-id=\"14390f36\" data-element_type=\"container\" data-e-type=\"container\">\n\t\t\t\t<\/div>\n\t\t\t\t\t<\/div>\n\t\t\t\t<\/div>\n\t\t<div class=\"elementor-element elementor-element-43d342bd e-flex e-con-boxed e-con e-parent\" data-id=\"43d342bd\" data-element_type=\"container\" data-e-type=\"container\">\n\t\t\t\t\t<div class=\"e-con-inner\">\n\t\t<div class=\"elementor-element elementor-element-3ea1b1e0 e-con-full e-flex e-con e-child\" data-id=\"3ea1b1e0\" data-element_type=\"container\" data-e-type=\"container\">\n\t\t\t\t<div class=\"elementor-element elementor-element-42772854 elementor-widget elementor-widget-text-editor\" data-id=\"42772854\" data-element_type=\"widget\" data-e-type=\"widget\" data-widget_type=\"text-editor.default\">\n\t\t\t\t<div class=\"elementor-widget-container\">\n\t\t\t\t\t\t\t\t\t<p>Oferim solucions de correu Exchange per a una comunicaci\u00f3 empresarial eficient, sincronitzaci\u00f3 de calendaris i col\u00b7laboraci\u00f3 en temps real.<\/p><p>Microsoft 365: Potencia la teva productivitat amb Microsoft 365, que inclou aplicacions familiars com Word, Excel i PowerPoint, juntament amb eines de col\u00b7laboraci\u00f3 al n\u00favol. Integra f\u00e0cilment el vostre correu electr\u00f2nic amb altres eines empresarials, optimitzant l&#8217;efici\u00e8ncia i la comunicaci\u00f3 interna.<\/p><p>Beneficis dels nostres serveis Confian\u00e7a i Fiabilitat: Garantim un hosting web fiable i serveis de correu electr\u00f2nic assegurances per mantenir el teu negoci en l\u00ednia en tot moment.<\/p><p>Suport T\u00e8cnic Experts: El nostre equip de suport t\u00e8cnic est\u00e0 disponible per ajudar-te en qualsevol moment, assegurant una experi\u00e8ncia sense problemes.<\/p><p>Escalabilitat i Flexibilitat: A mesura que la teva empresa creix, els nostres serveis s\u00f3n escalables per adaptar-se a les necessitats canviants.<\/p><p>Personalitzaci\u00f3 i Migraci\u00f3 Senzilla Adaptat a la teva empresa: Oferim plans personalitzats per satisfer els requisits \u00fanics de la teva empresa. Migraci\u00f3 sense Problemes: Facilitem la migraci\u00f3 dels teus serveis existents a la nostra plataforma, garantint una transici\u00f3 suau i sense complicacions.<\/p>\t\t\t\t\t\t\t\t<\/div>\n\t\t\t\t<\/div>\n\t\t\t\t<\/div>\n\t\t\t\t<div class=\"elementor-element elementor-element-52c2ee5a elementor-widget__width-initial elementor-widget elementor-widget-image\" data-id=\"52c2ee5a\" data-element_type=\"widget\" data-e-type=\"widget\" data-widget_type=\"image.default\">\n\t\t\t\t<div class=\"elementor-widget-container\">\n\t\t\t\t\t\t\t\t\t\t\t\t\t\t\t<img decoding=\"async\" width=\"1024\" height=\"836\" src=\"https:\/\/zblleida.com\/web\/wp-content\/uploads\/2024\/02\/Categoria-10-1024x836-1.png\" class=\"attachment-full size-full wp-image-641\" alt=\"\" srcset=\"https:\/\/zblleida.com\/web\/wp-content\/uploads\/2024\/02\/Categoria-10-1024x836-1.png 1024w, https:\/\/zblleida.com\/web\/wp-content\/uploads\/2024\/02\/Categoria-10-1024x836-1-300x245.png 300w, https:\/\/zblleida.com\/web\/wp-content\/uploads\/2024\/02\/Categoria-10-1024x836-1-768x627.png 768w\" sizes=\"(max-width: 1024px) 100vw, 1024px\" \/>\t\t\t\t\t\t\t\t\t\t\t\t\t\t\t<\/div>\n\t\t\t\t<\/div>\n\t\t\t\t\t<\/div>\n\t\t\t\t<\/div>\n\t\t<div class=\"elementor-element elementor-element-73a381c0 e-flex e-con-boxed e-con e-parent\" data-id=\"73a381c0\" data-element_type=\"container\" data-e-type=\"container\" data-settings=\"{&quot;background_background&quot;:&quot;classic&quot;}\">\n\t\t\t\t\t<div class=\"e-con-inner\">\n\t\t<div class=\"elementor-element elementor-element-1111d794 e-con-full e-flex e-con e-child\" data-id=\"1111d794\" data-element_type=\"container\" data-e-type=\"container\">\n\t\t\t\t<div class=\"elementor-element elementor-element-58c36ab elementor-widget elementor-widget-heading\" data-id=\"58c36ab\" data-element_type=\"widget\" data-e-type=\"widget\" data-widget_type=\"heading.default\">\n\t\t\t\t<div class=\"elementor-widget-container\">\n\t\t\t\t\t<h1 class=\"elementor-heading-title elementor-size-default\">Hosting f\u00e0cil<\/h1>\t\t\t\t<\/div>\n\t\t\t\t<\/div>\n\t\t\t\t<div class=\"elementor-element elementor-element-39725d53 elementor-widget elementor-widget-text-editor\" data-id=\"39725d53\" data-element_type=\"widget\" data-e-type=\"widget\" data-widget_type=\"text-editor.default\">\n\t\t\t\t<div class=\"elementor-widget-container\">\n\t\t\t\t\t\t\t\t\t<p>Pregunta\u2019ns per les nostres solucions adaptades al teu negoci<\/p>\t\t\t\t\t\t\t\t<\/div>\n\t\t\t\t<\/div>\n\t\t\t\t<div class=\"elementor-element elementor-element-333fe997 elementor-mobile-align-center elementor-widget elementor-widget-button\" data-id=\"333fe997\" data-element_type=\"widget\" data-e-type=\"widget\" data-widget_type=\"button.default\">\n\t\t\t\t<div class=\"elementor-widget-container\">\n\t\t\t\t\t\t\t\t\t<div class=\"elementor-button-wrapper\">\n\t\t\t\t\t<a class=\"elementor-button elementor-button-link elementor-size-sm\" href=\"tel:973225155\">\n\t\t\t\t\t\t<span class=\"elementor-button-content-wrapper\">\n\t\t\t\t\t\t\t\t\t<span class=\"elementor-button-text\">Contacta\u2019ns<\/span>\n\t\t\t\t\t<\/span>\n\t\t\t\t\t<\/a>\n\t\t\t\t<\/div>\n\t\t\t\t\t\t\t\t<\/div>\n\t\t\t\t<\/div>\n\t\t\t\t<\/div>\n\t\t<div class=\"elementor-element elementor-element-80d8afd e-con-full e-flex e-con e-child\" data-id=\"80d8afd\" data-element_type=\"container\" data-e-type=\"container\">\n\t\t\t\t<div class=\"elementor-element elementor-element-64f26c0e elementor-widget elementor-widget-image\" data-id=\"64f26c0e\" data-element_type=\"widget\" data-e-type=\"widget\" data-widget_type=\"image.default\">\n\t\t\t\t<div class=\"elementor-widget-container\">\n\t\t\t\t\t\t\t\t\t\t\t\t\t\t\t<img decoding=\"async\" width=\"800\" height=\"426\" src=\"https:\/\/zblleida.com\/web\/wp-content\/uploads\/2024\/02\/plesk.jpg\" class=\"attachment-large size-large wp-image-642\" alt=\"\" srcset=\"https:\/\/zblleida.com\/web\/wp-content\/uploads\/2024\/02\/plesk.jpg 1024w, https:\/\/zblleida.com\/web\/wp-content\/uploads\/2024\/02\/plesk-300x160.jpg 300w, https:\/\/zblleida.com\/web\/wp-content\/uploads\/2024\/02\/plesk-768x409.jpg 768w\" sizes=\"(max-width: 800px) 100vw, 800px\" \/>\t\t\t\t\t\t\t\t\t\t\t\t\t\t\t<\/div>\n\t\t\t\t<\/div>\n\t\t\t\t<\/div>\n\t\t\t\t\t<\/div>\n\t\t\t\t<\/div>\n\t\t<div class=\"elementor-element elementor-element-58285e21 e-flex e-con-boxed e-con e-parent\" data-id=\"58285e21\" data-element_type=\"container\" data-e-type=\"container\" data-settings=\"{&quot;background_background&quot;:&quot;classic&quot;}\">\n\t\t\t\t\t<div class=\"e-con-inner\">\n\t\t\t\t<div class=\"elementor-element elementor-element-43475ecf elementor-widget elementor-widget-heading\" data-id=\"43475ecf\" data-element_type=\"widget\" data-e-type=\"widget\" data-widget_type=\"heading.default\">\n\t\t\t\t<div class=\"elementor-widget-container\">\n\t\t\t\t\t<p class=\"elementor-heading-title elementor-size-default\">\u00a9 2026 All Rights Reserved.<\/p>\t\t\t\t<\/div>\n\t\t\t\t<\/div>\n\t\t\t\t\t<\/div>\n\t\t\t\t<\/div>\n\t\t\t\t<\/div>\n\t\t","protected":false},"excerpt":{"rendered":"<p>Serveis Cloud Solucions integrals d&#8217;allotjament web i correu electr\u00f2nic dissenyats per potenciar la pres\u00e8ncia en l\u00ednia i la comunicaci\u00f3 empresarial. Amb Plesk com a base i l&#8217;opci\u00f3 de serveis de Microsoft 365, portem les vostres operacions digitals al seg\u00fcent nivell La nostra plataforma de hosting amb Plesk garanteix un rendiment \u00f2ptim i una experi\u00e8ncia dusuari [&hellip;]<\/p>\n","protected":false},"author":1,"featured_media":0,"parent":0,"menu_order":0,"comment_status":"closed","ping_status":"closed","template":"","meta":{"footnotes":""},"class_list":["post-379","page","type-page","status-publish","hentry"],"_links":{"self":[{"href":"https:\/\/zblleida.com\/web\/wp-json\/wp\/v2\/pages\/379","targetHints":{"allow":["GET"]}}],"collection":[{"href":"https:\/\/zblleida.com\/web\/wp-json\/wp\/v2\/pages"}],"about":[{"href":"https:\/\/zblleida.com\/web\/wp-json\/wp\/v2\/types\/page"}],"author":[{"embeddable":true,"href":"https:\/\/zblleida.com\/web\/wp-json\/wp\/v2\/users\/1"}],"replies":[{"embeddable":true,"href":"https:\/\/zblleida.com\/web\/wp-json\/wp\/v2\/comments?post=379"}],"version-history":[{"count":20,"href":"https:\/\/zblleida.com\/web\/wp-json\/wp\/v2\/pages\/379\/revisions"}],"predecessor-version":[{"id":750,"href":"https:\/\/zblleida.com\/web\/wp-json\/wp\/v2\/pages\/379\/revisions\/750"}],"wp:attachment":[{"href":"https:\/\/zblleida.com\/web\/wp-json\/wp\/v2\/media?parent=379"}],"curies":[{"name":"wp","href":"https:\/\/api.w.org\/{rel}","templated":true}]}}