{"id":351,"date":"2023-09-28T16:02:37","date_gmt":"2023-09-28T16:02:37","guid":{"rendered":"https:\/\/zblleida.com\/web\/?page_id=351"},"modified":"2024-02-21T11:40:01","modified_gmt":"2024-02-21T11:40:01","slug":"seguretat-informatica","status":"publish","type":"page","link":"https:\/\/zblleida.com\/web\/seguretat-informatica\/","title":{"rendered":"Seguretat"},"content":{"rendered":"\t\t<div data-elementor-type=\"wp-page\" data-elementor-id=\"351\" class=\"elementor elementor-351\" data-elementor-post-type=\"page\">\n\t\t\t\t<div class=\"elementor-element elementor-element-edb1887 e-flex e-con-boxed e-con e-parent\" data-id=\"edb1887\" data-element_type=\"container\" data-e-type=\"container\">\n\t\t\t\t\t<div class=\"e-con-inner\">\n\t\t\t\t<div class=\"elementor-element elementor-element-20e83300 elementor-widget elementor-widget-heading\" data-id=\"20e83300\" data-element_type=\"widget\" data-e-type=\"widget\" data-widget_type=\"heading.default\">\n\t\t\t\t<div class=\"elementor-widget-container\">\n\t\t\t\t\t<h2 class=\"elementor-heading-title elementor-size-default\">Seguretat per l'empresa<\/h2>\t\t\t\t<\/div>\n\t\t\t\t<\/div>\n\t\t\t\t\t<\/div>\n\t\t\t\t<\/div>\n\t\t<div class=\"elementor-element elementor-element-30cfb9ef e-flex e-con-boxed e-con e-parent\" data-id=\"30cfb9ef\" data-element_type=\"container\" data-e-type=\"container\">\n\t\t\t\t\t<div class=\"e-con-inner\">\n\t\t\t\t<div class=\"elementor-element elementor-element-45590fbf elementor-widget elementor-widget-spacer\" data-id=\"45590fbf\" data-element_type=\"widget\" data-e-type=\"widget\" data-widget_type=\"spacer.default\">\n\t\t\t\t<div class=\"elementor-widget-container\">\n\t\t\t\t\t\t\t<div class=\"elementor-spacer\">\n\t\t\t<div class=\"elementor-spacer-inner\"><\/div>\n\t\t<\/div>\n\t\t\t\t\t\t<\/div>\n\t\t\t\t<\/div>\n\t\t\t\t\t<\/div>\n\t\t\t\t<\/div>\n\t\t<div class=\"elementor-element elementor-element-70649f04 e-flex e-con-boxed e-con e-parent\" data-id=\"70649f04\" data-element_type=\"container\" data-e-type=\"container\">\n\t\t\t\t\t<div class=\"e-con-inner\">\n\t\t\t\t<div class=\"elementor-element elementor-element-397e46a5 elementor-widget elementor-widget-image\" data-id=\"397e46a5\" data-element_type=\"widget\" data-e-type=\"widget\" data-widget_type=\"image.default\">\n\t\t\t\t<div class=\"elementor-widget-container\">\n\t\t\t\t\t\t\t\t\t\t\t\t\t\t\t<img fetchpriority=\"high\" decoding=\"async\" width=\"468\" height=\"298\" src=\"https:\/\/zblleida.com\/web\/wp-content\/uploads\/2024\/02\/blurb_Protection_Detection_Response_0.jpg\" class=\"attachment-full size-full wp-image-585\" alt=\"\" srcset=\"https:\/\/zblleida.com\/web\/wp-content\/uploads\/2024\/02\/blurb_Protection_Detection_Response_0.jpg 468w, https:\/\/zblleida.com\/web\/wp-content\/uploads\/2024\/02\/blurb_Protection_Detection_Response_0-300x191.jpg 300w\" sizes=\"(max-width: 468px) 100vw, 468px\" \/>\t\t\t\t\t\t\t\t\t\t\t\t\t\t\t<\/div>\n\t\t\t\t<\/div>\n\t\t<div class=\"elementor-element elementor-element-e4491dc e-con-full e-flex e-con e-child\" data-id=\"e4491dc\" data-element_type=\"container\" data-e-type=\"container\">\n\t\t\t\t<div class=\"elementor-element elementor-element-4ec6541b elementor-widget elementor-widget-text-editor\" data-id=\"4ec6541b\" data-element_type=\"widget\" data-e-type=\"widget\" data-widget_type=\"text-editor.default\">\n\t\t\t\t<div class=\"elementor-widget-container\">\n\t\t\t\t\t\t\t\t\t<p>Com a distribu\u00efdor autoritzat de Panda Security WatchGuard, oferim solucions de seguretat avan\u00e7ades impulsades per intel\u00b7lig\u00e8ncia artificial.Des de protecci\u00f3 contra codi malici\u00f3s (malware) fins a eines de gesti\u00f3 centralitzada, Panda Security es destaca pel seu enfocament proactiu i la seva capacitat per adaptar-se a les amenaces en constant evoluci\u00f3.<\/p><p>Seguretat de la xarxa de confian\u00e7a. La nostra associaci\u00f3 amb Panda Security WatchGuard ens permet oferir solucions de seguretat de xarxa de classe mundial.<\/p><p>Des de tallafocs fins a serveis de prevenci\u00f3 d&#8217;intrusions, WatchGuard s&#8217;especialitza en garantir la seguretat perimetral i la protecci\u00f3 de la informaci\u00f3 cr\u00edtica. <\/p>\t\t\t\t\t\t\t\t<\/div>\n\t\t\t\t<\/div>\n\t\t\t\t<\/div>\n\t\t\t\t\t<\/div>\n\t\t\t\t<\/div>\n\t\t<div class=\"elementor-element elementor-element-4c075866 e-flex e-con-boxed e-con e-parent\" data-id=\"4c075866\" data-element_type=\"container\" data-e-type=\"container\">\n\t\t\t\t\t<div class=\"e-con-inner\">\n\t\t<div class=\"elementor-element elementor-element-764bf96c e-con-full e-flex e-con e-child\" data-id=\"764bf96c\" data-element_type=\"container\" data-e-type=\"container\">\n\t\t\t\t<\/div>\n\t\t<div class=\"elementor-element elementor-element-61945692 e-con-full e-flex e-con e-child\" data-id=\"61945692\" data-element_type=\"container\" data-e-type=\"container\">\n\t\t\t\t<\/div>\n\t\t\t\t\t<\/div>\n\t\t\t\t<\/div>\n\t\t<div class=\"elementor-element elementor-element-70d153e2 e-flex e-con-boxed e-con e-parent\" data-id=\"70d153e2\" data-element_type=\"container\" data-e-type=\"container\">\n\t\t\t\t\t<div class=\"e-con-inner\">\n\t\t<div class=\"elementor-element elementor-element-2b069de6 e-con-full e-flex e-con e-child\" data-id=\"2b069de6\" data-element_type=\"container\" data-e-type=\"container\">\n\t\t\t\t<div class=\"elementor-element elementor-element-50da874f elementor-widget elementor-widget-text-editor\" data-id=\"50da874f\" data-element_type=\"widget\" data-e-type=\"widget\" data-widget_type=\"text-editor.default\">\n\t\t\t\t<div class=\"elementor-widget-container\">\n\t\t\t\t\t\t\t\t\t<p>Entenem que cada client \u00e9s \u00fanic. Us oferim assessorament personalitzat i us ajudem a triar les solucions que millor s&#8217;adaptin a les vostres necessitats.<\/p><ul><li>Implementaci\u00f3 i Suport T\u00e8cnic: No us deixem nom\u00e9s despr\u00e9s de la venda. Oferim serveis d&#8217;implementaci\u00f3 i suport t\u00e8cnic continu per garantir que els vostres sistemes estiguin sempre protegits i funcionant de manera \u00f2ptima.<\/li><li>Actualitzacions Constants: El panorama d&#8217;amenaces evoluciona r\u00e0pidament. Mantenim les teves solucions de seguretat sempre actualitzades per enfrontar les darreres amenaces i garantir la m\u00e0xima protecci\u00f3.<\/li><\/ul>\t\t\t\t\t\t\t\t<\/div>\n\t\t\t\t<\/div>\n\t\t\t\t<\/div>\n\t\t\t\t<div class=\"elementor-element elementor-element-dc8dd00 elementor-widget elementor-widget-image\" data-id=\"dc8dd00\" data-element_type=\"widget\" data-e-type=\"widget\" data-widget_type=\"image.default\">\n\t\t\t\t<div class=\"elementor-widget-container\">\n\t\t\t\t\t\t\t\t\t\t\t\t\t\t\t<img decoding=\"async\" width=\"541\" height=\"349\" src=\"https:\/\/zblleida.com\/web\/wp-content\/uploads\/2024\/02\/IT_Ops_Image.jpg\" class=\"attachment-full size-full wp-image-586\" alt=\"\" srcset=\"https:\/\/zblleida.com\/web\/wp-content\/uploads\/2024\/02\/IT_Ops_Image.jpg 541w, https:\/\/zblleida.com\/web\/wp-content\/uploads\/2024\/02\/IT_Ops_Image-300x194.jpg 300w\" sizes=\"(max-width: 541px) 100vw, 541px\" \/>\t\t\t\t\t\t\t\t\t\t\t\t\t\t\t<\/div>\n\t\t\t\t<\/div>\n\t\t\t\t\t<\/div>\n\t\t\t\t<\/div>\n\t\t<div class=\"elementor-element elementor-element-3ef7b516 e-flex e-con-boxed e-con e-parent\" data-id=\"3ef7b516\" data-element_type=\"container\" data-e-type=\"container\" data-settings=\"{&quot;background_background&quot;:&quot;classic&quot;}\">\n\t\t\t\t\t<div class=\"e-con-inner\">\n\t\t<div class=\"elementor-element elementor-element-7eb3bda5 e-con-full e-flex e-con e-child\" data-id=\"7eb3bda5\" data-element_type=\"container\" data-e-type=\"container\">\n\t\t\t\t<div class=\"elementor-element elementor-element-254badf9 elementor-widget elementor-widget-heading\" data-id=\"254badf9\" data-element_type=\"widget\" data-e-type=\"widget\" data-widget_type=\"heading.default\">\n\t\t\t\t<div class=\"elementor-widget-container\">\n\t\t\t\t\t<h1 class=\"elementor-heading-title elementor-size-default\">Solucions Panda<\/h1>\t\t\t\t<\/div>\n\t\t\t\t<\/div>\n\t\t\t\t<div class=\"elementor-element elementor-element-27e9b30f elementor-widget elementor-widget-text-editor\" data-id=\"27e9b30f\" data-element_type=\"widget\" data-e-type=\"widget\" data-widget_type=\"text-editor.default\">\n\t\t\t\t<div class=\"elementor-widget-container\">\n\t\t\t\t\t\t\t\t\t<p>Protegeix el teu negoci avui mateix! Contacta\u2019ns per obtenir m\u00e9s informaci\u00f3 sobre les nostres solucions de seguretat inform\u00e0tica. Som aqu\u00ed per ajudar-te a construir un entorn digital segur i protegit. el vostre soci en seguretat inform\u00e0tica!<\/p>\t\t\t\t\t\t\t\t<\/div>\n\t\t\t\t<\/div>\n\t\t\t\t<div class=\"elementor-element elementor-element-38aa2dff elementor-mobile-align-center elementor-widget elementor-widget-button\" data-id=\"38aa2dff\" data-element_type=\"widget\" data-e-type=\"widget\" data-widget_type=\"button.default\">\n\t\t\t\t<div class=\"elementor-widget-container\">\n\t\t\t\t\t\t\t\t\t<div class=\"elementor-button-wrapper\">\n\t\t\t\t\t<a class=\"elementor-button elementor-button-link elementor-size-sm\" href=\"tel:973225155\">\n\t\t\t\t\t\t<span class=\"elementor-button-content-wrapper\">\n\t\t\t\t\t\t\t\t\t<span class=\"elementor-button-text\">Contacta'ns<\/span>\n\t\t\t\t\t<\/span>\n\t\t\t\t\t<\/a>\n\t\t\t\t<\/div>\n\t\t\t\t\t\t\t\t<\/div>\n\t\t\t\t<\/div>\n\t\t\t\t<\/div>\n\t\t<div class=\"elementor-element elementor-element-62acba3c e-con-full e-flex e-con e-child\" data-id=\"62acba3c\" data-element_type=\"container\" data-e-type=\"container\">\n\t\t\t\t<div class=\"elementor-element elementor-element-17eaf729 elementor-widget elementor-widget-image\" data-id=\"17eaf729\" data-element_type=\"widget\" data-e-type=\"widget\" data-widget_type=\"image.default\">\n\t\t\t\t<div class=\"elementor-widget-container\">\n\t\t\t\t\t\t\t\t\t\t\t\t\t\t\t<img decoding=\"async\" width=\"540\" height=\"358\" src=\"https:\/\/zblleida.com\/web\/wp-content\/uploads\/2024\/02\/Patch_Management.jpg\" class=\"attachment-full size-full wp-image-587\" alt=\"\" srcset=\"https:\/\/zblleida.com\/web\/wp-content\/uploads\/2024\/02\/Patch_Management.jpg 540w, https:\/\/zblleida.com\/web\/wp-content\/uploads\/2024\/02\/Patch_Management-300x199.jpg 300w\" sizes=\"(max-width: 540px) 100vw, 540px\" \/>\t\t\t\t\t\t\t\t\t\t\t\t\t\t\t<\/div>\n\t\t\t\t<\/div>\n\t\t\t\t<\/div>\n\t\t\t\t\t<\/div>\n\t\t\t\t<\/div>\n\t\t<div class=\"elementor-element elementor-element-56e8cdb4 e-flex e-con-boxed e-con e-parent\" data-id=\"56e8cdb4\" data-element_type=\"container\" data-e-type=\"container\" data-settings=\"{&quot;background_background&quot;:&quot;classic&quot;}\">\n\t\t\t\t\t<div class=\"e-con-inner\">\n\t\t\t\t<div class=\"elementor-element elementor-element-737d8512 elementor-widget elementor-widget-heading\" data-id=\"737d8512\" data-element_type=\"widget\" data-e-type=\"widget\" data-widget_type=\"heading.default\">\n\t\t\t\t<div class=\"elementor-widget-container\">\n\t\t\t\t\t<p class=\"elementor-heading-title elementor-size-default\">\u00a9 2026 All Rights Reserved.<\/p>\t\t\t\t<\/div>\n\t\t\t\t<\/div>\n\t\t\t\t\t<\/div>\n\t\t\t\t<\/div>\n\t\t\t\t<\/div>\n\t\t","protected":false},"excerpt":{"rendered":"<p>Seguretat per l&#8217;empresa Com a distribu\u00efdor autoritzat de Panda Security WatchGuard, oferim solucions de seguretat avan\u00e7ades impulsades per intel\u00b7lig\u00e8ncia artificial.Des de protecci\u00f3 contra codi malici\u00f3s (malware) fins a eines de gesti\u00f3 centralitzada, Panda Security es destaca pel seu enfocament proactiu i la seva capacitat per adaptar-se a les amenaces en constant evoluci\u00f3. Seguretat de la [&hellip;]<\/p>\n","protected":false},"author":1,"featured_media":0,"parent":0,"menu_order":0,"comment_status":"closed","ping_status":"closed","template":"","meta":{"footnotes":""},"class_list":["post-351","page","type-page","status-publish","hentry"],"_links":{"self":[{"href":"https:\/\/zblleida.com\/web\/wp-json\/wp\/v2\/pages\/351","targetHints":{"allow":["GET"]}}],"collection":[{"href":"https:\/\/zblleida.com\/web\/wp-json\/wp\/v2\/pages"}],"about":[{"href":"https:\/\/zblleida.com\/web\/wp-json\/wp\/v2\/types\/page"}],"author":[{"embeddable":true,"href":"https:\/\/zblleida.com\/web\/wp-json\/wp\/v2\/users\/1"}],"replies":[{"embeddable":true,"href":"https:\/\/zblleida.com\/web\/wp-json\/wp\/v2\/comments?post=351"}],"version-history":[{"count":27,"href":"https:\/\/zblleida.com\/web\/wp-json\/wp\/v2\/pages\/351\/revisions"}],"predecessor-version":[{"id":753,"href":"https:\/\/zblleida.com\/web\/wp-json\/wp\/v2\/pages\/351\/revisions\/753"}],"wp:attachment":[{"href":"https:\/\/zblleida.com\/web\/wp-json\/wp\/v2\/media?parent=351"}],"curies":[{"name":"wp","href":"https:\/\/api.w.org\/{rel}","templated":true}]}}