{"id":312,"date":"2023-09-28T15:31:52","date_gmt":"2023-09-28T15:31:52","guid":{"rendered":"https:\/\/zblleida.com\/web\/?page_id=312"},"modified":"2026-03-24T16:01:57","modified_gmt":"2026-03-24T16:01:57","slug":"venda-pc-reparacio-gaming-lleida","status":"publish","type":"page","link":"https:\/\/zblleida.com\/web\/serveis-informatica-lleida\/venda-pc-reparacio-gaming-lleida\/","title":{"rendered":"Venda d\u2019ordinadors i port\u00e0tils"},"content":{"rendered":"\t\t<div data-elementor-type=\"wp-page\" data-elementor-id=\"312\" class=\"elementor elementor-312\" data-elementor-post-type=\"page\">\n\t\t\t\t<div class=\"elementor-element elementor-element-b7512fc e-flex e-con-boxed e-con e-parent\" data-id=\"b7512fc\" data-element_type=\"container\" data-e-type=\"container\">\n\t\t\t\t\t<div class=\"e-con-inner\">\n\t\t\t\t<div class=\"elementor-element elementor-element-30720eb elementor-widget elementor-widget-heading\" data-id=\"30720eb\" data-element_type=\"widget\" data-e-type=\"widget\" data-widget_type=\"heading.default\">\n\t\t\t\t<div class=\"elementor-widget-container\">\n\t\t\t\t\t<h1 class=\"elementor-heading-title elementor-size-default\">Venda d\u2019ordinadors i port\u00e0tils<\/h1>\t\t\t\t<\/div>\n\t\t\t\t<\/div>\n\t\t\t\t\t<\/div>\n\t\t\t\t<\/div>\n\t\t<div class=\"elementor-element elementor-element-9069685 e-flex e-con-boxed e-con e-parent\" data-id=\"9069685\" data-element_type=\"container\" data-e-type=\"container\">\n\t\t\t\t\t<div class=\"e-con-inner\">\n\t\t\t\t<div class=\"elementor-element elementor-element-f05d04e elementor-widget elementor-widget-spacer\" data-id=\"f05d04e\" data-element_type=\"widget\" data-e-type=\"widget\" data-widget_type=\"spacer.default\">\n\t\t\t\t<div class=\"elementor-widget-container\">\n\t\t\t\t\t\t\t<div class=\"elementor-spacer\">\n\t\t\t<div class=\"elementor-spacer-inner\"><\/div>\n\t\t<\/div>\n\t\t\t\t\t\t<\/div>\n\t\t\t\t<\/div>\n\t\t\t\t\t<\/div>\n\t\t\t\t<\/div>\n\t\t<div class=\"elementor-element elementor-element-69acd4c0 e-flex e-con-boxed e-con e-parent\" data-id=\"69acd4c0\" data-element_type=\"container\" data-e-type=\"container\">\n\t\t\t\t\t<div class=\"e-con-inner\">\n\t\t\t\t<div class=\"elementor-element elementor-element-58c32f33 elementor-widget__width-initial elementor-widget-mobile__width-initial elementor-widget elementor-widget-image\" data-id=\"58c32f33\" data-element_type=\"widget\" data-e-type=\"widget\" data-widget_type=\"image.default\">\n\t\t\t\t<div class=\"elementor-widget-container\">\n\t\t\t\t\t\t\t\t\t\t\t\t\t\t\t<img fetchpriority=\"high\" decoding=\"async\" width=\"1000\" height=\"650\" src=\"https:\/\/zblleida.com\/web\/wp-content\/uploads\/2024\/02\/pcs.jpg\" class=\"attachment-full size-full wp-image-482\" alt=\"\" srcset=\"https:\/\/zblleida.com\/web\/wp-content\/uploads\/2024\/02\/pcs.jpg 1000w, https:\/\/zblleida.com\/web\/wp-content\/uploads\/2024\/02\/pcs-300x195.jpg 300w, https:\/\/zblleida.com\/web\/wp-content\/uploads\/2024\/02\/pcs-768x499.jpg 768w\" sizes=\"(max-width: 1000px) 100vw, 1000px\" \/>\t\t\t\t\t\t\t\t\t\t\t\t\t\t\t<\/div>\n\t\t\t\t<\/div>\n\t\t<div class=\"elementor-element elementor-element-daee306 e-con-full e-flex e-con e-child\" data-id=\"daee306\" data-element_type=\"container\" data-e-type=\"container\">\n\t\t\t\t<div class=\"elementor-element elementor-element-0b2e963 elementor-widget elementor-widget-text-editor\" data-id=\"0b2e963\" data-element_type=\"widget\" data-e-type=\"widget\" data-widget_type=\"text-editor.default\">\n\t\t\t\t<div class=\"elementor-widget-container\">\n\t\t\t\t\t\t\t\t\t<p>Us assessorem per espr\u00e9mer al m\u00e0xim el teu pressupost en venda d&#8217;ordinadors amb equips inform\u00e0tics nous a mida o ampliacions per obtenir el millor rendiment, amb equips de totes les marques per a particulars i empreses.<\/p><p>Donem soluci\u00f3 a totes les vostres necessitats tant de pot\u00e8ncia com d\u2019espai amb equips mini i all in one.<\/p><p>Troba els accessoris perif\u00e8rics que necessitis i gaudeix al m\u00e0xim de tot el potencial del teu ordinador. <br \/>Monitors, ratolins, teclats, auriculars i molt m\u00e9s perqu\u00e8 puguis equipar la teva zona de treball al complet.<\/p>\t\t\t\t\t\t\t\t<\/div>\n\t\t\t\t<\/div>\n\t\t\t\t<\/div>\n\t\t\t\t\t<\/div>\n\t\t\t\t<\/div>\n\t\t<div class=\"elementor-element elementor-element-fbde29b e-flex e-con-boxed e-con e-parent\" data-id=\"fbde29b\" data-element_type=\"container\" data-e-type=\"container\">\n\t\t\t\t\t<div class=\"e-con-inner\">\n\t\t\t\t<div class=\"elementor-element elementor-element-ac6fa6b elementor-widget elementor-widget-spacer\" data-id=\"ac6fa6b\" data-element_type=\"widget\" data-e-type=\"widget\" data-widget_type=\"spacer.default\">\n\t\t\t\t<div class=\"elementor-widget-container\">\n\t\t\t\t\t\t\t<div class=\"elementor-spacer\">\n\t\t\t<div class=\"elementor-spacer-inner\"><\/div>\n\t\t<\/div>\n\t\t\t\t\t\t<\/div>\n\t\t\t\t<\/div>\n\t\t\t\t\t<\/div>\n\t\t\t\t<\/div>\n\t\t<div class=\"elementor-element elementor-element-0fc5a07 e-flex e-con-boxed e-con e-parent\" data-id=\"0fc5a07\" data-element_type=\"container\" data-e-type=\"container\">\n\t\t\t\t\t<div class=\"e-con-inner\">\n\t\t<div class=\"elementor-element elementor-element-f703a21 e-con-full e-flex e-con e-child\" data-id=\"f703a21\" data-element_type=\"container\" data-e-type=\"container\">\n\t\t\t\t<div class=\"elementor-element elementor-element-18883e1 elementor-widget elementor-widget-heading\" data-id=\"18883e1\" data-element_type=\"widget\" data-e-type=\"widget\" data-widget_type=\"heading.default\">\n\t\t\t\t<div class=\"elementor-widget-container\">\n\t\t\t\t\t<h2 class=\"elementor-heading-title elementor-size-default\">Assessoria inform\u00e0tica per triar equips inform\u00e0tics al millor preu<\/h2>\t\t\t\t<\/div>\n\t\t\t\t<\/div>\n\t\t\t\t<div class=\"elementor-element elementor-element-58a1eb9 elementor-widget elementor-widget-text-editor\" data-id=\"58a1eb9\" data-element_type=\"widget\" data-e-type=\"widget\" data-widget_type=\"text-editor.default\">\n\t\t\t\t<div class=\"elementor-widget-container\">\n\t\t\t\t\t\t\t\t\t<p>Si no sabeu exactament qu\u00e8 busqueu, nosaltres us assessorarem personalment sobre la millor adquisici\u00f3 al millor preu de tota Lleida. <br \/><br \/>Oferim els millors preus i un servei t\u00e8cnic exclusiu postvenda a qualsevol equip inform\u00e0tic amb garantia de botiga.<\/p>\t\t\t\t\t\t\t\t<\/div>\n\t\t\t\t<\/div>\n\t\t\t\t<\/div>\n\t\t\t\t<div class=\"elementor-element elementor-element-bae02a4 elementor-widget elementor-widget-image\" data-id=\"bae02a4\" data-element_type=\"widget\" data-e-type=\"widget\" data-widget_type=\"image.default\">\n\t\t\t\t<div class=\"elementor-widget-container\">\n\t\t\t\t\t\t\t\t\t\t\t\t\t\t\t<img decoding=\"async\" width=\"1920\" height=\"1440\" src=\"https:\/\/zblleida.com\/web\/wp-content\/uploads\/2024\/02\/IMG_20230925_113348-scaled.webp\" class=\"attachment-full size-full wp-image-479\" alt=\"\" srcset=\"https:\/\/zblleida.com\/web\/wp-content\/uploads\/2024\/02\/IMG_20230925_113348-scaled.webp 1920w, https:\/\/zblleida.com\/web\/wp-content\/uploads\/2024\/02\/IMG_20230925_113348-300x225.webp 300w, https:\/\/zblleida.com\/web\/wp-content\/uploads\/2024\/02\/IMG_20230925_113348-1024x768.webp 1024w, https:\/\/zblleida.com\/web\/wp-content\/uploads\/2024\/02\/IMG_20230925_113348-768x576.webp 768w, https:\/\/zblleida.com\/web\/wp-content\/uploads\/2024\/02\/IMG_20230925_113348-1536x1152.webp 1536w\" sizes=\"(max-width: 1920px) 100vw, 1920px\" \/>\t\t\t\t\t\t\t\t\t\t\t\t\t\t\t<\/div>\n\t\t\t\t<\/div>\n\t\t\t\t\t<\/div>\n\t\t\t\t<\/div>\n\t\t<div class=\"elementor-element elementor-element-236f0c2b e-flex e-con-boxed e-con e-parent\" data-id=\"236f0c2b\" data-element_type=\"container\" data-e-type=\"container\" data-settings=\"{&quot;background_background&quot;:&quot;classic&quot;}\">\n\t\t\t\t\t<div class=\"e-con-inner\">\n\t\t<div class=\"elementor-element elementor-element-5a9553c2 e-con-full e-flex e-con e-child\" data-id=\"5a9553c2\" data-element_type=\"container\" data-e-type=\"container\">\n\t\t\t\t<div class=\"elementor-element elementor-element-3976ca38 elementor-widget elementor-widget-heading\" data-id=\"3976ca38\" data-element_type=\"widget\" data-e-type=\"widget\" data-widget_type=\"heading.default\">\n\t\t\t\t<div class=\"elementor-widget-container\">\n\t\t\t\t\t<h2 class=\"elementor-heading-title elementor-size-default\">Experts en equips gaming i workstation<\/h2>\t\t\t\t<\/div>\n\t\t\t\t<\/div>\n\t\t\t\t<div class=\"elementor-element elementor-element-444f3c70 elementor-widget elementor-widget-text-editor\" data-id=\"444f3c70\" data-element_type=\"widget\" data-e-type=\"widget\" data-widget_type=\"text-editor.default\">\n\t\t\t\t<div class=\"elementor-widget-container\">\n\t\t\t\t\t\t\t\t\t<p>Et muntem el teu equip gaming amb components PC d\u2019alt rendiment i t\u2019assessorem per triar processadors i configuracions ideals per la teva workstation. Pregunta\u2019ns informaci\u00f3 i troba l\u2019equip perfecte.<\/p>\t\t\t\t\t\t\t\t<\/div>\n\t\t\t\t<\/div>\n\t\t\t\t<div class=\"elementor-element elementor-element-4f34a590 elementor-mobile-align-center elementor-widget elementor-widget-button\" data-id=\"4f34a590\" data-element_type=\"widget\" data-e-type=\"widget\" data-widget_type=\"button.default\">\n\t\t\t\t<div class=\"elementor-widget-container\">\n\t\t\t\t\t\t\t\t\t<div class=\"elementor-button-wrapper\">\n\t\t\t\t\t<a class=\"elementor-button elementor-button-link elementor-size-sm\" href=\"tel:973225155\">\n\t\t\t\t\t\t<span class=\"elementor-button-content-wrapper\">\n\t\t\t\t\t\t\t\t\t<span class=\"elementor-button-text\">Contacta\u2019ns<\/span>\n\t\t\t\t\t<\/span>\n\t\t\t\t\t<\/a>\n\t\t\t\t<\/div>\n\t\t\t\t\t\t\t\t<\/div>\n\t\t\t\t<\/div>\n\t\t\t\t<\/div>\n\t\t<div class=\"elementor-element elementor-element-723bb19c e-con-full e-flex e-con e-child\" data-id=\"723bb19c\" data-element_type=\"container\" data-e-type=\"container\">\n\t\t\t\t<div class=\"elementor-element elementor-element-2d9bcd39 elementor-widget elementor-widget-image\" data-id=\"2d9bcd39\" data-element_type=\"widget\" data-e-type=\"widget\" data-widget_type=\"image.default\">\n\t\t\t\t<div class=\"elementor-widget-container\">\n\t\t\t\t\t\t\t\t\t\t\t\t\t\t\t<img decoding=\"async\" width=\"800\" height=\"600\" src=\"https:\/\/zblleida.com\/web\/wp-content\/uploads\/2024\/02\/IMG_1014-1024x768.webp\" class=\"attachment-large size-large wp-image-569\" alt=\"\" srcset=\"https:\/\/zblleida.com\/web\/wp-content\/uploads\/2024\/02\/IMG_1014-1024x768.webp 1024w, https:\/\/zblleida.com\/web\/wp-content\/uploads\/2024\/02\/IMG_1014-300x225.webp 300w, https:\/\/zblleida.com\/web\/wp-content\/uploads\/2024\/02\/IMG_1014-768x576.webp 768w, https:\/\/zblleida.com\/web\/wp-content\/uploads\/2024\/02\/IMG_1014-1536x1152.webp 1536w, https:\/\/zblleida.com\/web\/wp-content\/uploads\/2024\/02\/IMG_1014-scaled.webp 1920w\" sizes=\"(max-width: 800px) 100vw, 800px\" \/>\t\t\t\t\t\t\t\t\t\t\t\t\t\t\t<\/div>\n\t\t\t\t<\/div>\n\t\t\t\t<\/div>\n\t\t\t\t\t<\/div>\n\t\t\t\t<\/div>\n\t\t\t\t<\/div>\n\t\t","protected":false},"excerpt":{"rendered":"<p>Venda d\u2019ordinadors i port\u00e0tils Us assessorem per espr\u00e9mer al m\u00e0xim el teu pressupost en venda d&#8217;ordinadors amb equips inform\u00e0tics nous a mida o ampliacions per obtenir el millor rendiment, amb equips de totes les marques per a particulars i empreses. Donem soluci\u00f3 a totes les vostres necessitats tant de pot\u00e8ncia com d\u2019espai amb equips mini [&hellip;]<\/p>\n","protected":false},"author":1,"featured_media":0,"parent":137,"menu_order":0,"comment_status":"closed","ping_status":"closed","template":"","meta":{"footnotes":""},"class_list":["post-312","page","type-page","status-publish","hentry"],"_links":{"self":[{"href":"https:\/\/zblleida.com\/web\/wp-json\/wp\/v2\/pages\/312","targetHints":{"allow":["GET"]}}],"collection":[{"href":"https:\/\/zblleida.com\/web\/wp-json\/wp\/v2\/pages"}],"about":[{"href":"https:\/\/zblleida.com\/web\/wp-json\/wp\/v2\/types\/page"}],"author":[{"embeddable":true,"href":"https:\/\/zblleida.com\/web\/wp-json\/wp\/v2\/users\/1"}],"replies":[{"embeddable":true,"href":"https:\/\/zblleida.com\/web\/wp-json\/wp\/v2\/comments?post=312"}],"version-history":[{"count":83,"href":"https:\/\/zblleida.com\/web\/wp-json\/wp\/v2\/pages\/312\/revisions"}],"predecessor-version":[{"id":2473,"href":"https:\/\/zblleida.com\/web\/wp-json\/wp\/v2\/pages\/312\/revisions\/2473"}],"up":[{"embeddable":true,"href":"https:\/\/zblleida.com\/web\/wp-json\/wp\/v2\/pages\/137"}],"wp:attachment":[{"href":"https:\/\/zblleida.com\/web\/wp-json\/wp\/v2\/media?parent=312"}],"curies":[{"name":"wp","href":"https:\/\/api.w.org\/{rel}","templated":true}]}}